{"id":92,"date":"2024-02-17T20:33:51","date_gmt":"2024-02-17T20:33:51","guid":{"rendered":"https:\/\/thai-massage-messkirch.de\/?page_id=68\/?page_id=92"},"modified":"2024-04-28T13:49:31","modified_gmt":"2024-04-28T13:49:31","slug":"oel-massage","status":"publish","type":"page","link":"https:\/\/thai-massage-messkirch.de\/?page_id=92","title":{"rendered":"Oel-Massage"},"content":{"rendered":"<div id=\"sp-page\" class=\"spBgcover sp-content-1\" style=\"background-color: rgb(21, 68, 115); background-image: url('https:\/\/assets.seedprod.com\/4747-dCq1FXA2aO4c7KEQ.jpg'); font-family: Roboto, sans-serif; font-weight: 400;\">\n<section id=\"sp-ks8a8s\" data-mobile-visibility=\"#sp-ks8a8s|false\" data-tablet-visibility=\"#sp-ks8a8s|false\" data-desktop-visibility=\"#sp-ks8a8s|false\" data-mobile-css=\"\" data-tablet-css=\"\" class=\"sp-el-section  spBgcover\" style=\"background-image: linear-gradient(0deg, rgba(204, 204, 204, 0.1), rgba(204, 204, 204, 0.1)), url('https:\/\/thai-massage-messkirch.de\/wp-content\/uploads\/2024\/02\/oelmassage-scaled.jpg'); width: 100%; max-width: 100%; padding: 10px;\">\n<div id=\"sp-aqge1t\" data-mobile-visibility=\"#sp-aqge1t|false\" data-tablet-visibility=\"#sp-aqge1t|false\" data-desktop-visibility=\"#sp-aqge1t|false\" data-mobile-css=\"\" data-tablet-css=\"\" class=\"sp-el-row sm:sp-flex sp-w-full  sp-m-auto sp-justify-between\">\n<div id=\"sp-a0lb3b\" data-mobile-visibility=\"#sp-a0lb3b|false\" data-tablet-visibility=\"#sp-a0lb3b|false\" data-desktop-visibility=\"#sp-a0lb3b|false\" data-mobile-css=\"\" data-tablet-css=\"\" class=\"sp-el-col  sp-w-full\" style=\"width: calc(100% + 0px);\">\n<figure id=\"sp-qkuhqn\" data-mobile-css=\"#sp-qkuhqn|text-align:center;\" data-tablet-css=\"#sp-qkuhqn|text-align:center;\" class=\"sp-image-wrapper sp-el-block\" style=\"margin: 0px; text-align: left;\">\n<div><span><img decoding=\"async\" src=\"\/\/thai-massage-messkirch.de\/wp-content\/uploads\/2024\/02\/Lotus-flower-logo-gradient.png\" alt=\"\" width=\"500\" height=\"500\" data-mobile-visibility=\".sp-image-block-qkuhqn|false\" data-tablet-visibility=\".sp-image-block-qkuhqn|false\" data-desktop-visibility=\".sp-image-block-qkuhqn|false\" srcset=\" \/\/thai-massage-messkirch.de\/wp-content\/uploads\/2024\/02\/Lotus-flower-logo-gradient-150x150.png 150w, \/\/thai-massage-messkirch.de\/wp-content\/uploads\/2024\/02\/Lotus-flower-logo-gradient-300x300.png 300w, \/\/thai-massage-messkirch.de\/wp-content\/uploads\/2024\/02\/Lotus-flower-logo-gradient.png 500w\" class=\"sp-image-block-qkuhqn\" style=\"width: 170px;\"><\/span><\/div>\n<\/figure>\n<div id=\"sp-ubwmid\" data-mobile-css=\".sp-bulletlist-block-ubwmid, #sp-ubwmid|justify-content:flex-start;\" data-tablet-css=\".sp-bulletlist-block-ubwmid, #sp-ubwmid|justify-content:flex-start;\" data-mobile-visibility=\".sp-bulletlist-block-ubwmid|false\" data-tablet-visibility=\".sp-bulletlist-block-ubwmid|false\" data-desktop-visibility=\".sp-bulletlist-block-ubwmid|false\" class=\"sp-flex sp-css-target sp-el-block sp-bulletlist-block-template-0 sp-justify-start sp-bulletlist-block-ubwmid\" style=\"margin: 0px;\">\n<ul class=\"sp-bulletlist-wrapper sp-flex sp-flex-wrap sp-items-center\">\n<li data-mobile-css=\"#sp-ubwmid .sp-bullet-list-item-ubwmid-0|padding:0px 10px 0px 0px ;\" data-tablet-css=\"#sp-ubwmid .sp-bullet-list-item-ubwmid-0|padding:0px 10px 0px 0px ;\" class=\"sp-flex sp-items-center sp-bullet-list-item-ubwmid-0 sp-justify-start\" style=\"padding: 0px 10px 0px 0px;\"><span class=\"sp-icon-wrapper sp-mr-4\"><i class=\"fa-fw fa-lg fas fa-check\" style=\"width: 32px; line-height: 32px;\"><\/i><\/span><span><span style=\"color: #ffffff;\"><a style=\"color: #ffffff;\" href=\"..\/?page_id=68\">Home<\/a><\/span><\/span><\/li>\n<li data-mobile-css=\"#sp-ubwmid .sp-bullet-list-item-ubwmid-1|padding:0px 10px 0px 0px ;\" data-tablet-css=\"#sp-ubwmid .sp-bullet-list-item-ubwmid-1|padding:0px 10px 0px 0px ;\" class=\"sp-flex sp-items-center sp-bullet-list-item-ubwmid-1 sp-justify-start\" style=\"padding: 0px 10px 0px 0px;\"><span class=\"sp-icon-wrapper sp-mr-4\"><i class=\"fa-fw fa-lg fas fa-check\" style=\"width: 32px; line-height: 32px;\"><\/i><\/span><span><span style=\"color: #ffffff;\"><a style=\"color: #ffffff;\" href=\"..\/?page_id=114\">Wer wir sind<\/a><\/span><\/span><\/li>\n<li data-mobile-css=\"#sp-ubwmid .sp-bullet-list-item-ubwmid-2|padding:0px 10px 0px 0px ;\" data-tablet-css=\"#sp-ubwmid .sp-bullet-list-item-ubwmid-2|padding:0px 10px 0px 0px ;\" class=\"sp-flex sp-items-center sp-bullet-list-item-ubwmid-2 sp-justify-start\" style=\"padding: 0px 10px 0px 0px;\"><span class=\"sp-icon-wrapper sp-mr-4\"><i class=\"fa-fw fa-lg fas fa-check\" style=\"width: 32px; line-height: 32px;\"><\/i><\/span><span><span style=\"color: #ffffff;\"><a style=\"color: #ffffff;\" href=\"..\/?page_id=74\" data-wplink-edit=\"true\">Anwendungen<\/a><\/span><\/span><\/li>\n<li data-mobile-css=\"#sp-ubwmid .sp-bullet-list-item-ubwmid-3|padding:0px 10px 0px 0px ;\" data-tablet-css=\"#sp-ubwmid .sp-bullet-list-item-ubwmid-3|padding:0px 10px 0px 0px ;\" class=\"sp-flex sp-items-center sp-bullet-list-item-ubwmid-3 sp-justify-start\" style=\"padding: 0px 10px 0px 0px;\"><span class=\"sp-icon-wrapper sp-mr-4\"><i class=\"fa-fw fa-lg fas fa-check\" style=\"width: 32px; line-height: 32px;\"><\/i><\/span><span><span style=\"color: #ffffff;\"><a style=\"color: #ffffff;\" href=\"..\/?page_id=118\">Preisliste<\/a><\/span><\/span><\/li>\n<li data-mobile-css=\"#sp-ubwmid .sp-bullet-list-item-ubwmid-4|padding:0px 10px 0px 0px ;\" data-tablet-css=\"#sp-ubwmid .sp-bullet-list-item-ubwmid-4|padding:0px 10px 0px 0px ;\" class=\"sp-flex sp-items-center sp-bullet-list-item-ubwmid-4 sp-justify-start\" style=\"padding: 0px 10px 0px 0px;\"><span class=\"sp-icon-wrapper sp-mr-4\"><i class=\"fa-fw fa-lg fas fa-check\" style=\"width: 32px; line-height: 32px;\"><\/i><\/span><span><span style=\"color: #ffffff;\"><a style=\"color: #ffffff;\" href=\"..\/?page_id=120\">Gutscheine<\/a><\/span><\/span><\/li>\n<li data-mobile-css=\"#sp-ubwmid .sp-bullet-list-item-ubwmid-5|padding:0px 10px 0px 0px ;\" data-tablet-css=\"#sp-ubwmid .sp-bullet-list-item-ubwmid-5|padding:0px 10px 0px 0px ;\" class=\"sp-flex sp-items-center sp-bullet-list-item-ubwmid-5 sp-justify-start\" style=\"padding: 0px 10px 0px 0px;\"><span class=\"sp-icon-wrapper sp-mr-4\"><i class=\"fa-fw fa-lg fas fa-check\" style=\"width: 32px; line-height: 32px;\"><\/i><\/span><span><span style=\"color: #ffffff;\"><a style=\"color: #ffffff;\" href=\"..\/?page_id=122\">Termin buchen<\/a><\/span><\/span><\/li>\n<li data-mobile-css=\"#sp-ubwmid .sp-bullet-list-item-ubwmid-6|padding:0px 10px 0px 0px ;\" data-tablet-css=\"#sp-ubwmid .sp-bullet-list-item-ubwmid-6|padding:0px 10px 0px 0px ;\" class=\"sp-flex sp-items-center sp-bullet-list-item-ubwmid-6 sp-justify-start\" style=\"padding: 0px 10px 0px 0px;\"><span class=\"sp-icon-wrapper sp-mr-4\"><i class=\"fa-fw fa-lg fas fa-check\" style=\"width: 32px; line-height: 32px;\"><\/i><\/span><span><span style=\"color: #ffffff;\"><a style=\"color: #ffffff;\" href=\"..\/?page_id=127\">Kontakt<\/a><\/span><\/span><\/li>\n<li data-mobile-css=\"#sp-ubwmid .sp-bullet-list-item-ubwmid-7|padding:0px 10px 0px 0px ;\" data-tablet-css=\"#sp-ubwmid .sp-bullet-list-item-ubwmid-7|padding:0px 10px 0px 0px ;\" class=\"sp-flex sp-items-center sp-bullet-list-item-ubwmid-7 sp-justify-start\" style=\"padding: 0px 10px 0px 0px;\"><span class=\"sp-icon-wrapper sp-mr-4\"><i class=\"fa-fw fa-lg fas fa-check\" style=\"width: 32px; line-height: 32px;\"><\/i><\/span><span><span style=\"color: #ffffff;\"><a style=\"color: #ffffff;\" href=\"..\/?page_id=124\">Wo wir sind<\/a><\/span><\/span><\/li>\n<li data-mobile-css=\"\" data-tablet-css=\"\" class=\"sp-flex sp-items-center sp-bullet-list-item-ubwmid-8 sp-justify-start\"><span class=\"sp-icon-wrapper sp-mr-4\"><i class=\"fa-fw fa-lg fas fa-check\" style=\"width: 32px; line-height: 32px;\"><\/i><\/span><span><span style=\"color: #ffffff;\"><a style=\"color: #ffffff;\" href=\"..\/?page_id=129\">\u00d6ffnungszeiten<\/a><\/span><\/span><\/li>\n<\/ul>\n<\/div>\n<div id=\"sp-p4gmsq\" data-mobile-css=\"#sp-p4gmsq|height:40px;\" data-tablet-css=\"#sp-p4gmsq|height:10px;\" class=\"sp-spacer\" style=\"height: 60px;\"><\/div>\n<div id=\"d66gcv\" data-mobile-css=\".sp-text-wrapper-d66gcv, #sp-d66gcv, #d66gcv|text-align:left;\" data-tablet-css=\".sp-text-wrapper-d66gcv, #sp-d66gcv, #d66gcv|text-align:left;\" data-mobile-visibility=\".sp-text-wrapper-d66gcv|false\" data-tablet-visibility=\".sp-text-wrapper-d66gcv|false\" data-desktop-visibility=\".sp-text-wrapper-d66gcv|false\" class=\"sp-css-target sp-text-wrapper sp-el-block sp-text-block-style sp-text-wrapper-d66gcv mce-content-body html4-captions\"  style=\"color: rgb(255, 255, 255); padding: 0px; margin: 0px; text-align: left; position: relative;\" >\n<p style=\"line-height: 16.8pt; margin: 0cm 0cm 15pt; text-align: center;\" data-mce-style=\"line-height: 16.8pt; margin: 0cm 0cm 15pt; text-align: center;\"><span style=\"color: #800080; background-color: #e7dff0;\" data-mce-style=\"color: #800080; background-color: #e7dff0;\"><span style=\"font-size: 13.5pt; font-family: Arial, 'sans-serif'; background-color: #e7dff0;\" data-mce-style=\"font-size: 13.5pt; font-family: Arial, 'sans-serif'; background-color: #e7dff0;\">Die thail\u00e4ndische \u00d6lmassage ist eine Massageform, die aus der traditionellen thail\u00e4ndischen Massage entwickelt wurde. Sie kombiniert Massagetechniken aus der Thai-Massage mit dem Einsatz von \u00d6l, um eine entspannende und wohltuende Massageerfahrung zu bieten.<\/p>\n<p><\/span><span style=\"font-size: 13.5pt; font-family: Arial, 'sans-serif'; background-color: #e7dff0;\" data-mce-style=\"font-size: 13.5pt; font-family: Arial, 'sans-serif'; background-color: #e7dff0;\">Bei der thail\u00e4ndischen \u00d6lmassage verwendet die Masseurin sanfte Streich- und Knetbewegungen, um die Muskeln zu lockern und Verspannungen zu l\u00f6sen. Das warme \u00d6l wird dabei auf die Haut aufgetragen, um die Reibung zu verringern und den Massageprozess angenehmer zu gestalten.<\/span><\/span><\/p>\n<p style=\"line-height: 16.8pt; margin: 0cm 0cm 15pt; text-align: center;\" data-mce-style=\"line-height: 16.8pt; margin: 0cm 0cm 15pt; text-align: center;\"><span style=\"font-size: 13.5pt; font-family: Arial, 'sans-serif'; color: #800080; background-color: #e7dff0;\" data-mce-style=\"font-size: 13.5pt; font-family: Arial, 'sans-serif'; color: #800080; background-color: #e7dff0;\">Die Massage kann verschiedene K\u00f6rperregionen einschlie\u00dflich des R\u00fcckens, der Schultern, der Beine und der Arme abdecken. Der Masseur oder die Masseurin kann auch gezielt auf bestimmte Problemzonen eingehen, um Schmerzen und Verspannungen zu lindern.<\/span><\/p>\n<p style=\"line-height: 16.8pt; margin: 0cm 0cm 15pt; text-align: center;\" data-mce-style=\"line-height: 16.8pt; margin: 0cm 0cm 15pt; text-align: center;\"><span style=\"font-size: 13.5pt; font-family: Arial, 'sans-serif'; color: #800080; background-color: #e7dff0;\" data-mce-style=\"font-size: 13.5pt; font-family: Arial, 'sans-serif'; color: #800080; background-color: #e7dff0;\">Die thail\u00e4ndische \u00d6lmassage bietet neben der reinen Entspannung auch einige gesundheitliche Vorteile. Sie kann die Durchblutung verbessern, den Stoffwechsel anregen, das Immunsystem st\u00e4rken und Muskelschmerzen reduzieren. Dar\u00fcber hinaus kann sie auch Stress abbauen und das allgemeine Wohlbefinden f\u00f6rdern.<\/span><\/p>\n<p style=\"line-height: 16.8pt; margin: 0cm 0cm 15pt; text-align: center;\" data-mce-style=\"line-height: 16.8pt; margin: 0cm 0cm 15pt; text-align: center;\"><span style=\"font-size: 13.5pt; font-family: Arial, 'sans-serif'; color: #800080; background-color: #e7dff0;\" data-mce-style=\"font-size: 13.5pt; font-family: Arial, 'sans-serif'; color: #800080; background-color: #e7dff0;\">Es ist wichtig zu beachten, dass die thail\u00e4ndische \u00d6lmassage nicht f\u00fcr jeden geeignet ist. Personen mit bestimmten gesundheitlichen Problemen wie Hautirritationen, Verletzungen oder bestimmten Erkrankungen sollten die Massage m\u00f6glicherweise meiden oder vorher R\u00fccksprache mit einem Arzt oder Therapeuten halten.<\/span><\/p>\n<p style=\"line-height: 16.8pt; margin: 0cm 0cm 15pt; text-align: center;\" data-mce-style=\"line-height: 16.8pt; margin: 0cm 0cm 15pt; text-align: center;\"><span style=\"font-size: 13.5pt; font-family: Arial, 'sans-serif'; color: #800080; background-color: #e7dff0;\" data-mce-style=\"font-size: 13.5pt; font-family: Arial, 'sans-serif'; color: #800080; background-color: #e7dff0;\">Insgesamt bietet die thail\u00e4ndische \u00d6lmassage eine angenehme M\u00f6glichkeit, K\u00f6rper und Geist zu entspannen und gleichzeitig von den gesundheitlichen Vorteilen der Massage zu profitieren.<\/span><\/p>\n<\/div>\n<div id=\"sp-button-parent-o0ywzx\" data-mobile-css=\"#sp-button-parent-o0ywzx|text-align:center;\" data-tablet-css=\"#sp-button-parent-o0ywzx|text-align:center;\" class=\"sp-button-wrapper sp-el-block animated bounce aniIn_bounce ani_bounce\" style=\"margin: 0px; text-align: left;\"><a href=\"https:\/\/app.agendize.com\/book\/1017067276659929\" id=\"sp-o0ywzx\" data-mobile-css=\"\" data-tablet-css=\"\" data-mobile-visibility=\".sp-button-o0ywzx|false\" data-tablet-visibility=\".sp-button-o0ywzx|false\" data-desktop-visibility=\".sp-button-o0ywzx|false\" target=\"\" rel=\"noopener\" class=\"sp-button sp-css-target sp-text-center sp-inline-block sp-leading-none sp-button-o0ywzx\" style=\"font-size: 22px; background: rgb(118, 22, 104); color: rgb(255, 255, 255); width: auto; padding: 16px 20px; border-radius: 4px; border-bottom: 3px solid rgb(75, 14, 66);\"><span><span style=\"color: #ffcc00;\">Termin buchen<\/span><\/span><\/a><\/div>\n<div id=\"sp-p48hb5\" data-mobile-css=\"#sp-p48hb5|height:40px;\" data-tablet-css=\"#sp-p48hb5|height:10px;\" class=\"sp-spacer\" style=\"height: 60px;\"><\/div>\n<div id=\"sp-gtsol7\" data-mobile-css=\".sp-text-wrapper-gtsol7, #sp-gtsol7, #gtsol7|text-align:left;\" data-tablet-css=\".sp-text-wrapper-gtsol7, #sp-gtsol7, #gtsol7|text-align:left;\" data-mobile-visibility=\".sp-text-wrapper-gtsol7|false\" data-tablet-visibility=\".sp-text-wrapper-gtsol7|false\" data-desktop-visibility=\".sp-text-wrapper-gtsol7|false\" class=\"sp-css-target sp-text-wrapper sp-el-block sp-text-block-style sp-text-wrapper-gtsol7\" style=\"margin: 0px; text-align: left;\">\n<p style=\"text-align: right;\"><span style=\"color: #000000;\"><a style=\"color: #000000;\" href=\"https:\/\/stock.adobe.com\/\">Bild-Quelle<\/a><\/span><\/p>\n<\/div>\n<div id=\"sp-rto5sq\" data-mobile-css=\"#sp-rto5sq|height:40px;\" data-tablet-css=\"#sp-rto5sq|height:10px;\" class=\"sp-spacer\" style=\"height: 60px;\"><\/div>\n<div id=\"sp-taeu61\" data-mobile-css=\"#sp-taeu61|height:40px;\" data-tablet-css=\"#sp-taeu61|height:10px;\" class=\"sp-spacer\" style=\"height: 60px;\"><\/div>\n<div id=\"sp-b1vh3v\" data-mobile-css=\"#sp-b1vh3v|height:40px;\" data-tablet-css=\"#sp-b1vh3v|height:10px;\" class=\"sp-spacer\" style=\"height: 60px;\"><\/div>\n<div id=\"sp-pt41ix\" data-mobile-css=\"#sp-pt41ix|height:40px;\" data-tablet-css=\"#sp-pt41ix|height:10px;\" class=\"sp-spacer\" style=\"height: 60px;\"><\/div>\n<\/div>\n<\/div>\n<\/section>\n<\/div>\n","protected":false},"excerpt":{"rendered":"<p>Home Wer wir sind Anwendungen Preisliste Gutscheine Termin buchen Kontakt Wo wir sind \u00d6ffnungszeiten Die thail\u00e4ndische \u00d6lmassage ist eine Massageform, die aus der traditionellen thail\u00e4ndischen Massage entwickelt wurde. Sie kombiniert Massagetechniken aus der Thai-Massage mit dem Einsatz von \u00d6l, um eine entspannende und wohltuende Massageerfahrung zu bieten. Bei der thail\u00e4ndischen \u00d6lmassage verwendet die Masseurin sanfte [&hellip;]<\/p>\n","protected":false},"author":1,"featured_media":0,"parent":0,"menu_order":0,"comment_status":"closed","ping_status":"closed","template":"","meta":{"footnotes":""},"class_list":["post-92","page","type-page","status-publish","hentry"],"_links":{"self":[{"href":"https:\/\/thai-massage-messkirch.de\/index.php?rest_route=\/wp\/v2\/pages\/92"}],"collection":[{"href":"https:\/\/thai-massage-messkirch.de\/index.php?rest_route=\/wp\/v2\/pages"}],"about":[{"href":"https:\/\/thai-massage-messkirch.de\/index.php?rest_route=\/wp\/v2\/types\/page"}],"author":[{"embeddable":true,"href":"https:\/\/thai-massage-messkirch.de\/index.php?rest_route=\/wp\/v2\/users\/1"}],"replies":[{"embeddable":true,"href":"https:\/\/thai-massage-messkirch.de\/index.php?rest_route=%2Fwp%2Fv2%2Fcomments&post=92"}],"version-history":[{"count":20,"href":"https:\/\/thai-massage-messkirch.de\/index.php?rest_route=\/wp\/v2\/pages\/92\/revisions"}],"predecessor-version":[{"id":405,"href":"https:\/\/thai-massage-messkirch.de\/index.php?rest_route=\/wp\/v2\/pages\/92\/revisions\/405"}],"wp:attachment":[{"href":"https:\/\/thai-massage-messkirch.de\/index.php?rest_route=%2Fwp%2Fv2%2Fmedia&parent=92"}],"curies":[{"name":"wp","href":"https:\/\/api.w.org\/{rel}","templated":true}]}}