{"id":74,"date":"2024-02-17T20:11:07","date_gmt":"2024-02-17T20:11:07","guid":{"rendered":"https:\/\/thai-massage-messkirch.de\/?page_id=74"},"modified":"2024-04-28T13:26:53","modified_gmt":"2024-04-28T13:26:53","slug":"anwendungen-2","status":"publish","type":"page","link":"https:\/\/thai-massage-messkirch.de\/?page_id=74","title":{"rendered":"Anwendungen"},"content":{"rendered":"<div id=\"sp-page\" class=\"spBgcover sp-content-1\" style=\"background-color: rgb(21, 68, 115); background-image: url('https:\/\/assets.seedprod.com\/4747-dCq1FXA2aO4c7KEQ.jpg'); font-family: Roboto, sans-serif; font-weight: 400;\">\n<section id=\"sp-ks8a8s\" data-mobile-visibility=\"#sp-ks8a8s|false\" data-tablet-visibility=\"#sp-ks8a8s|false\" data-desktop-visibility=\"#sp-ks8a8s|false\" data-mobile-css=\"\" data-tablet-css=\"\" class=\"sp-el-section  spBgcover\" style=\"background-image: linear-gradient(0deg, rgba(0, 0, 0, 0), rgba(0, 0, 0, 0)), url('\/\/thai-massage-messkirch.de\/wp-content\/uploads\/2024\/02\/Budda_klein-scaled.jpeg'); width: 100%; max-width: 100%; padding: 10px;\">\n<div id=\"sp-aqge1t\" data-mobile-visibility=\"#sp-aqge1t|false\" data-tablet-visibility=\"#sp-aqge1t|false\" data-desktop-visibility=\"#sp-aqge1t|false\" data-mobile-css=\"\" data-tablet-css=\"\" class=\"sp-el-row sm:sp-flex sp-w-full  sp-m-auto sp-justify-between\">\n<div id=\"sp-a0lb3b\" data-mobile-visibility=\"#sp-a0lb3b|false\" data-tablet-visibility=\"#sp-a0lb3b|false\" data-desktop-visibility=\"#sp-a0lb3b|false\" data-mobile-css=\"\" data-tablet-css=\"\" class=\"sp-el-col  sp-w-full\" style=\"width: calc(100% + 0px);\">\n<figure id=\"sp-qkuhqn\" data-mobile-css=\"#sp-qkuhqn|text-align:center;\" data-tablet-css=\"#sp-qkuhqn|text-align:center;\" class=\"sp-image-wrapper sp-el-block\" style=\"margin: 0px; text-align: left;\">\n<div><span><img decoding=\"async\" src=\"\/\/thai-massage-messkirch.de\/wp-content\/uploads\/2024\/02\/Lotus-flower-logo-gradient.png\" alt=\"\" width=\"500\" height=\"500\" data-mobile-visibility=\".sp-image-block-qkuhqn|false\" data-tablet-visibility=\".sp-image-block-qkuhqn|false\" data-desktop-visibility=\".sp-image-block-qkuhqn|false\" srcset=\" \/\/thai-massage-messkirch.de\/wp-content\/uploads\/2024\/02\/Lotus-flower-logo-gradient-150x150.png 150w, \/\/thai-massage-messkirch.de\/wp-content\/uploads\/2024\/02\/Lotus-flower-logo-gradient-300x300.png 300w, \/\/thai-massage-messkirch.de\/wp-content\/uploads\/2024\/02\/Lotus-flower-logo-gradient.png 500w\" class=\"sp-image-block-qkuhqn\" style=\"width: 170px;\"><\/span><\/div>\n<\/figure>\n<div id=\"sp-n99x6b\" data-mobile-css=\".sp-bulletlist-block-n99x6b, #sp-n99x6b|justify-content:flex-start;\" data-tablet-css=\".sp-bulletlist-block-n99x6b, #sp-n99x6b|justify-content:flex-start;\" data-mobile-visibility=\".sp-bulletlist-block-n99x6b|false\" data-tablet-visibility=\".sp-bulletlist-block-n99x6b|false\" data-desktop-visibility=\".sp-bulletlist-block-n99x6b|false\" class=\"sp-flex sp-css-target sp-el-block sp-bulletlist-block-template-0 sp-justify-start sp-bulletlist-block-n99x6b\" style=\"margin: 0px;\">\n<ul class=\"sp-bulletlist-wrapper sp-flex sp-flex-wrap sp-items-center\">\n<li data-mobile-css=\"#sp-n99x6b .sp-bullet-list-item-n99x6b-0|padding:0px 10px 0px 0px ;\" data-tablet-css=\"#sp-n99x6b .sp-bullet-list-item-n99x6b-0|padding:0px 10px 0px 0px ;\" class=\"sp-flex sp-items-center sp-bullet-list-item-n99x6b-0 sp-justify-start\" style=\"padding: 0px 10px 0px 0px;\"><span class=\"sp-icon-wrapper sp-mr-4\"><i class=\"fa-fw fa-lg fas fa-check\" style=\"width: 32px; line-height: 32px;\"><\/i><\/span><span><span style=\"color: #ffffff;\"><a style=\"color: #ffffff;\" href=\"..\/?page_id=68\">Home<\/a><\/span><\/span><\/li>\n<li data-mobile-css=\"#sp-n99x6b .sp-bullet-list-item-n99x6b-1|padding:0px 10px 0px 0px ;\" data-tablet-css=\"#sp-n99x6b .sp-bullet-list-item-n99x6b-1|padding:0px 10px 0px 0px ;\" class=\"sp-flex sp-items-center sp-bullet-list-item-n99x6b-1 sp-justify-start\" style=\"padding: 0px 10px 0px 0px;\"><span class=\"sp-icon-wrapper sp-mr-4\"><i class=\"fa-fw fa-lg fas fa-check\" style=\"width: 32px; line-height: 32px;\"><\/i><\/span><span><span style=\"color: #ffffff;\"><a style=\"color: #ffffff;\" href=\"..\/?page_id=114\">Wer wir sind<\/a><\/span><\/span><\/li>\n<li data-mobile-css=\"#sp-n99x6b .sp-bullet-list-item-n99x6b-2|padding:0px 10px 0px 0px ;\" data-tablet-css=\"#sp-n99x6b .sp-bullet-list-item-n99x6b-2|padding:0px 10px 0px 0px ;\" class=\"sp-flex sp-items-center sp-bullet-list-item-n99x6b-2 sp-justify-start\" style=\"padding: 0px 10px 0px 0px;\"><span class=\"sp-icon-wrapper sp-mr-4\"><i class=\"fa-fw fa-lg fas fa-check\" style=\"width: 32px; line-height: 32px;\"><\/i><\/span><span><span style=\"color: #ffffff;\"><a style=\"color: #ffffff;\" href=\"..\/?page_id=74\" data-wplink-edit=\"true\">Anwendungen<\/a><\/span><\/span><\/li>\n<li data-mobile-css=\"#sp-n99x6b .sp-bullet-list-item-n99x6b-3|padding:0px 10px 0px 0px ;\" data-tablet-css=\"#sp-n99x6b .sp-bullet-list-item-n99x6b-3|padding:0px 10px 0px 0px ;\" class=\"sp-flex sp-items-center sp-bullet-list-item-n99x6b-3 sp-justify-start\" style=\"padding: 0px 10px 0px 0px;\"><span class=\"sp-icon-wrapper sp-mr-4\"><i class=\"fa-fw fa-lg fas fa-check\" style=\"width: 32px; line-height: 32px;\"><\/i><\/span><span><span style=\"color: #ffffff;\"><a style=\"color: #ffffff;\" href=\"..\/?page_id=118\">Preisliste<\/a><\/span><\/span><\/li>\n<li data-mobile-css=\"#sp-n99x6b .sp-bullet-list-item-n99x6b-4|padding:0px 10px 0px 0px ;\" data-tablet-css=\"#sp-n99x6b .sp-bullet-list-item-n99x6b-4|padding:0px 10px 0px 0px ;\" class=\"sp-flex sp-items-center sp-bullet-list-item-n99x6b-4 sp-justify-start\" style=\"padding: 0px 10px 0px 0px;\"><span class=\"sp-icon-wrapper sp-mr-4\"><i class=\"fa-fw fa-lg fas fa-check\" style=\"width: 32px; line-height: 32px;\"><\/i><\/span><span><span style=\"color: #ffffff;\"><a style=\"color: #ffffff;\" href=\"..\/?page_id=120\">Gutscheine<\/a><\/span><\/span><\/li>\n<li data-mobile-css=\"#sp-n99x6b .sp-bullet-list-item-n99x6b-5|padding:0px 10px 0px 0px ;\" data-tablet-css=\"#sp-n99x6b .sp-bullet-list-item-n99x6b-5|padding:0px 10px 0px 0px ;\" class=\"sp-flex sp-items-center sp-bullet-list-item-n99x6b-5 sp-justify-start\" style=\"padding: 0px 10px 0px 0px;\"><span class=\"sp-icon-wrapper sp-mr-4\"><i class=\"fa-fw fa-lg fas fa-check\" style=\"width: 32px; line-height: 32px;\"><\/i><\/span><span><span style=\"color: #ffffff;\"><a style=\"color: #ffffff;\" href=\"..\/?page_id=122\">Termin buchen<\/a><\/span><\/span><\/li>\n<li data-mobile-css=\"#sp-n99x6b .sp-bullet-list-item-n99x6b-6|padding:0px 10px 0px 0px ;\" data-tablet-css=\"#sp-n99x6b .sp-bullet-list-item-n99x6b-6|padding:0px 10px 0px 0px ;\" class=\"sp-flex sp-items-center sp-bullet-list-item-n99x6b-6 sp-justify-start\" style=\"padding: 0px 10px 0px 0px;\"><span class=\"sp-icon-wrapper sp-mr-4\"><i class=\"fa-fw fa-lg fas fa-check\" style=\"width: 32px; line-height: 32px;\"><\/i><\/span><span><span style=\"color: #ffffff;\"><a style=\"color: #ffffff;\" href=\"..\/?page_id=127\">Kontakt<\/a><\/span><\/span><\/li>\n<li data-mobile-css=\"#sp-n99x6b .sp-bullet-list-item-n99x6b-7|padding:0px 10px 0px 0px ;\" data-tablet-css=\"#sp-n99x6b .sp-bullet-list-item-n99x6b-7|padding:0px 10px 0px 0px ;\" class=\"sp-flex sp-items-center sp-bullet-list-item-n99x6b-7 sp-justify-start\" style=\"padding: 0px 10px 0px 0px;\"><span class=\"sp-icon-wrapper sp-mr-4\"><i class=\"fa-fw fa-lg fas fa-check\" style=\"width: 32px; line-height: 32px;\"><\/i><\/span><span><span style=\"color: #ffffff;\"><a style=\"color: #ffffff;\" href=\"..\/?page_id=124\">Wo wir sind<\/a><\/span><\/span><\/li>\n<li data-mobile-css=\"\" data-tablet-css=\"\" class=\"sp-flex sp-items-center sp-bullet-list-item-n99x6b-8 sp-justify-start\"><span class=\"sp-icon-wrapper sp-mr-4\"><i class=\"fa-fw fa-lg fas fa-check\" style=\"width: 32px; line-height: 32px;\"><\/i><\/span><span><span style=\"color: #ffffff;\"><a style=\"color: #ffffff;\" href=\"..\/?page_id=129\">\u00d6ffnungszeiten<\/a><\/span><\/span><\/li>\n<\/ul>\n<\/div>\n<div id=\"sp-p4gmsq\" data-mobile-css=\"#sp-p4gmsq|height:40px;\" data-tablet-css=\"#sp-p4gmsq|height:10px;\" class=\"sp-spacer\" style=\"height: 60px;\"><\/div>\n<div id=\"sp-wxk5z7\" data-mobile-css=\".sp-bulletlist-block-wxk5z7, #sp-wxk5z7|justify-content:flex-start;\" data-tablet-css=\".sp-bulletlist-block-wxk5z7, #sp-wxk5z7|justify-content:flex-start;\" data-mobile-visibility=\".sp-bulletlist-block-wxk5z7|false\" data-tablet-visibility=\".sp-bulletlist-block-wxk5z7|false\" data-desktop-visibility=\".sp-bulletlist-block-wxk5z7|false\" class=\"sp-flex sp-css-target sp-el-block sp-bulletlist-block-template-0 sp-justify-start sp-bulletlist-block-wxk5z7\" style=\"margin: 0px;\">\n<ul class=\"sp-bulletlist-wrapper\">\n<li data-mobile-css=\"#sp-wxk5z7 .sp-bullet-list-item-wxk5z7-0|padding:0px 0px 10px 0px ;\" data-tablet-css=\"#sp-wxk5z7 .sp-bullet-list-item-wxk5z7-0|padding:0px 0px 10px 0px ;\" class=\"sp-flex sp-items-center sp-bullet-list-item-wxk5z7-0 sp-justify-start\" style=\"padding: 0px 0px 10px;\"><span class=\"sp-icon-wrapper sp-mr-4\"><i class=\"fa-fw fa-lg fas fa-check\" style=\"width: 32px; line-height: 32px;\"><\/i><\/span><span><span style=\"color: #ffffff;\"><a style=\"color: #ffffff;\" href=\"..\/?page_id=71\">Thai-Massage<\/a><\/span><\/span><\/li>\n<li data-mobile-css=\"#sp-wxk5z7 .sp-bullet-list-item-wxk5z7-1|padding:0px 0px 10px 0px ;\" data-tablet-css=\"#sp-wxk5z7 .sp-bullet-list-item-wxk5z7-1|padding:0px 0px 10px 0px ;\" class=\"sp-flex sp-items-center sp-bullet-list-item-wxk5z7-1 sp-justify-start\" style=\"padding: 0px 0px 10px;\"><span class=\"sp-icon-wrapper sp-mr-4\"><i class=\"fa-fw fa-lg fas fa-check\" style=\"width: 32px; line-height: 32px;\"><\/i><\/span><span><span style=\"color: #ffffff;\"><a style=\"color: #ffffff;\" href=\"..\/?page_id=92\">\u00d6l-Massage<\/a><\/span><\/span><\/li>\n<li data-mobile-css=\"#sp-wxk5z7 .sp-bullet-list-item-wxk5z7-2|padding:0px 0px 10px 0px ;\" data-tablet-css=\"#sp-wxk5z7 .sp-bullet-list-item-wxk5z7-2|padding:0px 0px 10px 0px ;\" class=\"sp-flex sp-items-center sp-bullet-list-item-wxk5z7-2 sp-justify-start\" style=\"padding: 0px 0px 10px;\"><span class=\"sp-icon-wrapper sp-mr-4\"><i class=\"fa-fw fa-lg fas fa-check\" style=\"width: 32px; line-height: 32px;\"><\/i><\/span><span><span style=\"color: #ffffff;\"><a style=\"color: #ffffff;\" href=\"..\/?page_id=144\">Fu\u00df-Massage<\/a><\/span><\/span><\/li>\n<li data-mobile-css=\"#sp-wxk5z7 .sp-bullet-list-item-wxk5z7-3|padding:0px 0px 10px 0px ;\" data-tablet-css=\"#sp-wxk5z7 .sp-bullet-list-item-wxk5z7-3|padding:0px 0px 10px 0px ;\" class=\"sp-flex sp-items-center sp-bullet-list-item-wxk5z7-3 sp-justify-start\" style=\"padding: 0px 0px 10px;\"><span class=\"sp-icon-wrapper sp-mr-4\"><i class=\"fa-fw fa-lg fas fa-check\" style=\"width: 32px; line-height: 32px;\"><\/i><\/span><span><span style=\"color: #ffffff;\"><a style=\"color: #ffffff;\" href=\"..\/?page_id=146\">Kopf-Massage<\/a><\/span><\/span><\/li>\n<li data-mobile-css=\"\" data-tablet-css=\"\" class=\"sp-flex sp-items-center sp-bullet-list-item-wxk5z7-4 sp-justify-start\"><span class=\"sp-icon-wrapper sp-mr-4\"><i class=\"fa-fw fa-lg fas fa-check\" style=\"width: 32px; line-height: 32px;\"><\/i><\/span><span><span style=\"color: #ffffff;\"><a style=\"color: #ffffff;\" href=\"..\/?page_id=364\">Kr\u00e4uter-Stempel-Massage<\/a><\/span><\/span><\/li>\n<\/ul>\n<\/div>\n<div id=\"sp-button-parent-ld2vj7\" data-mobile-css=\"#sp-button-parent-ld2vj7|text-align:center;\" data-tablet-css=\"#sp-button-parent-ld2vj7|text-align:center;\" class=\"sp-button-wrapper sp-el-block animated bounce aniIn_bounce ani_bounce\" style=\"margin: 0px; text-align: left;\"><a href=\"https:\/\/app.agendize.com\/book\/1017067276659929\" id=\"sp-ld2vj7\" data-mobile-css=\"\" data-tablet-css=\"\" data-mobile-visibility=\".sp-button-ld2vj7|false\" data-tablet-visibility=\".sp-button-ld2vj7|false\" data-desktop-visibility=\".sp-button-ld2vj7|false\" target=\"\" rel=\"noopener\" class=\"sp-button sp-css-target sp-text-center sp-inline-block sp-leading-none sp-button-ld2vj7\" style=\"font-size: 22px; background: rgb(118, 22, 104); color: rgb(255, 255, 255); width: auto; padding: 16px 20px; border-radius: 4px; border-bottom: 3px solid rgb(75, 14, 66);\"><span><span style=\"color: #ffcc00;\">Termin buchen<\/span><\/span><\/a><\/div>\n<div id=\"sp-p48hb5\" data-mobile-css=\"#sp-p48hb5|height:40px;\" data-tablet-css=\"#sp-p48hb5|height:10px;\" class=\"sp-spacer\" style=\"height: 60px;\"><\/div>\n<div id=\"sp-rto5sq\" data-mobile-css=\"#sp-rto5sq|height:40px;\" data-tablet-css=\"#sp-rto5sq|height:10px;\" class=\"sp-spacer\" style=\"height: 60px;\"><\/div>\n<div id=\"sp-taeu61\" data-mobile-css=\"#sp-taeu61|height:40px;\" data-tablet-css=\"#sp-taeu61|height:10px;\" class=\"sp-spacer\" style=\"height: 60px;\"><\/div>\n<div id=\"sp-vor7ae\" data-mobile-css=\"#sp-vor7ae|height:40px;\" data-tablet-css=\"#sp-vor7ae|height:10px;\" class=\"sp-spacer\" style=\"height: 60px;\"><\/div>\n<div id=\"sp-j7btyo\" data-mobile-css=\"#sp-j7btyo|height:40px;\" data-tablet-css=\"#sp-j7btyo|height:10px;\" class=\"sp-spacer\" style=\"height: 60px;\"><\/div>\n<div id=\"sp-b1vh3v\" data-mobile-css=\"#sp-b1vh3v|height:40px;\" data-tablet-css=\"#sp-b1vh3v|height:10px;\" class=\"sp-spacer\" style=\"height: 60px;\"><\/div>\n<div id=\"sp-pt41ix\" data-mobile-css=\"#sp-pt41ix|height:40px;\" data-tablet-css=\"#sp-pt41ix|height:10px;\" class=\"sp-spacer\" style=\"height: 60px;\"><\/div>\n<\/div>\n<\/div>\n<\/section>\n<\/div>\n","protected":false},"excerpt":{"rendered":"<p>Home Wer wir sind Anwendungen Preisliste Gutscheine Termin buchen Kontakt Wo wir sind \u00d6ffnungszeiten Thai-Massage \u00d6l-Massage Fu\u00df-Massage Kopf-Massage Kr\u00e4uter-Stempel-Massage Termin buchen<\/p>\n","protected":false},"author":1,"featured_media":0,"parent":0,"menu_order":0,"comment_status":"closed","ping_status":"closed","template":"","meta":{"footnotes":""},"class_list":["post-74","page","type-page","status-publish","hentry"],"_links":{"self":[{"href":"https:\/\/thai-massage-messkirch.de\/index.php?rest_route=\/wp\/v2\/pages\/74"}],"collection":[{"href":"https:\/\/thai-massage-messkirch.de\/index.php?rest_route=\/wp\/v2\/pages"}],"about":[{"href":"https:\/\/thai-massage-messkirch.de\/index.php?rest_route=\/wp\/v2\/types\/page"}],"author":[{"embeddable":true,"href":"https:\/\/thai-massage-messkirch.de\/index.php?rest_route=\/wp\/v2\/users\/1"}],"replies":[{"embeddable":true,"href":"https:\/\/thai-massage-messkirch.de\/index.php?rest_route=%2Fwp%2Fv2%2Fcomments&post=74"}],"version-history":[{"count":19,"href":"https:\/\/thai-massage-messkirch.de\/index.php?rest_route=\/wp\/v2\/pages\/74\/revisions"}],"predecessor-version":[{"id":392,"href":"https:\/\/thai-massage-messkirch.de\/index.php?rest_route=\/wp\/v2\/pages\/74\/revisions\/392"}],"wp:attachment":[{"href":"https:\/\/thai-massage-messkirch.de\/index.php?rest_route=%2Fwp%2Fv2%2Fmedia&parent=74"}],"curies":[{"name":"wp","href":"https:\/\/api.w.org\/{rel}","templated":true}]}}