{"id":71,"date":"2024-02-17T20:54:58","date_gmt":"2024-02-17T20:54:58","guid":{"rendered":"https:\/\/thai-massage-messkirch.de\/?page_id=71"},"modified":"2024-04-28T13:51:59","modified_gmt":"2024-04-28T13:51:59","slug":"thai-massage","status":"publish","type":"page","link":"https:\/\/thai-massage-messkirch.de\/?page_id=71","title":{"rendered":"Thai-Massage"},"content":{"rendered":"<div id=\"sp-page\" class=\"spBgcover sp-content-1\" style=\"background-color: rgb(21, 68, 115); background-image: url('https:\/\/assets.seedprod.com\/4747-dCq1FXA2aO4c7KEQ.jpg'); font-family: Roboto, sans-serif; font-weight: 400;\">\n<section id=\"sp-ks8a8s\" data-mobile-visibility=\"#sp-ks8a8s|false\" data-tablet-visibility=\"#sp-ks8a8s|false\" data-desktop-visibility=\"#sp-ks8a8s|false\" data-mobile-css=\"\" data-tablet-css=\"\" class=\"sp-el-section  spBgcover\" style=\"background-image: linear-gradient(0deg, rgba(0, 0, 0, 0.2), rgba(0, 0, 0, 0.2)), url('\/\/thai-massage-messkirch.de\/wp-content\/uploads\/2024\/02\/Bild_2spa-massage-scaled.jpg'); width: 100%; max-width: 100%; padding: 10px;\">\n<div id=\"sp-aqge1t\" data-mobile-visibility=\"#sp-aqge1t|false\" data-tablet-visibility=\"#sp-aqge1t|false\" data-desktop-visibility=\"#sp-aqge1t|false\" data-mobile-css=\"\" data-tablet-css=\"\" class=\"sp-el-row sm:sp-flex sp-w-full  sp-m-auto sp-justify-between\">\n<div id=\"sp-a0lb3b\" data-mobile-visibility=\"#sp-a0lb3b|false\" data-tablet-visibility=\"#sp-a0lb3b|false\" data-desktop-visibility=\"#sp-a0lb3b|false\" data-mobile-css=\"\" data-tablet-css=\"\" class=\"sp-el-col  sp-w-full\" style=\"width: calc(100% + 0px);\">\n<figure id=\"sp-qkuhqn\" data-mobile-css=\"#sp-qkuhqn|text-align:center;\" data-tablet-css=\"#sp-qkuhqn|text-align:center;\" class=\"sp-image-wrapper sp-el-block\" style=\"margin: 0px; text-align: left;\">\n<div><span><img decoding=\"async\" src=\"\/\/thai-massage-messkirch.de\/wp-content\/uploads\/2024\/02\/Lotus-flower-logo-gradient.png\" alt=\"\" width=\"500\" height=\"500\" data-mobile-visibility=\".sp-image-block-qkuhqn|false\" data-tablet-visibility=\".sp-image-block-qkuhqn|false\" data-desktop-visibility=\".sp-image-block-qkuhqn|false\" srcset=\" \/\/thai-massage-messkirch.de\/wp-content\/uploads\/2024\/02\/Lotus-flower-logo-gradient-150x150.png 150w, \/\/thai-massage-messkirch.de\/wp-content\/uploads\/2024\/02\/Lotus-flower-logo-gradient-300x300.png 300w, \/\/thai-massage-messkirch.de\/wp-content\/uploads\/2024\/02\/Lotus-flower-logo-gradient.png 500w\" class=\"sp-image-block-qkuhqn\" style=\"width: 170px;\"><\/span><\/div>\n<\/figure>\n<div id=\"sp-scbenv\" data-mobile-css=\".sp-bulletlist-block-scbenv, #sp-scbenv|justify-content:flex-start;\" data-tablet-css=\".sp-bulletlist-block-scbenv, #sp-scbenv|justify-content:flex-start;\" data-mobile-visibility=\".sp-bulletlist-block-scbenv|false\" data-tablet-visibility=\".sp-bulletlist-block-scbenv|false\" data-desktop-visibility=\".sp-bulletlist-block-scbenv|false\" class=\"sp-flex sp-css-target sp-el-block sp-bulletlist-block-template-0 sp-justify-start sp-bulletlist-block-scbenv\" style=\"margin: 0px;\">\n<ul class=\"sp-bulletlist-wrapper sp-flex sp-flex-wrap sp-items-center\">\n<li data-mobile-css=\"#sp-scbenv .sp-bullet-list-item-scbenv-0|padding:0px 10px 0px 0px ;\" data-tablet-css=\"#sp-scbenv .sp-bullet-list-item-scbenv-0|padding:0px 10px 0px 0px ;\" class=\"sp-flex sp-items-center sp-bullet-list-item-scbenv-0 sp-justify-start\" style=\"padding: 0px 10px 0px 0px;\"><span class=\"sp-icon-wrapper sp-mr-4\"><i class=\"fa-fw fa-lg fas fa-check\" style=\"width: 32px; line-height: 32px;\"><\/i><\/span><span><span style=\"color: #ffffff;\"><a style=\"color: #ffffff;\" href=\"..\/?page_id=68\">Home<\/a><\/span><\/span><\/li>\n<li data-mobile-css=\"#sp-scbenv .sp-bullet-list-item-scbenv-1|padding:0px 10px 0px 0px ;\" data-tablet-css=\"#sp-scbenv .sp-bullet-list-item-scbenv-1|padding:0px 10px 0px 0px ;\" class=\"sp-flex sp-items-center sp-bullet-list-item-scbenv-1 sp-justify-start\" style=\"padding: 0px 10px 0px 0px;\"><span class=\"sp-icon-wrapper sp-mr-4\"><i class=\"fa-fw fa-lg fas fa-check\" style=\"width: 32px; line-height: 32px;\"><\/i><\/span><span><span style=\"color: #ffffff;\"><a style=\"color: #ffffff;\" href=\"..\/?page_id=114\">Wer wir sind<\/a><\/span><\/span><\/li>\n<li data-mobile-css=\"#sp-scbenv .sp-bullet-list-item-scbenv-2|padding:0px 10px 0px 0px ;\" data-tablet-css=\"#sp-scbenv .sp-bullet-list-item-scbenv-2|padding:0px 10px 0px 0px ;\" class=\"sp-flex sp-items-center sp-bullet-list-item-scbenv-2 sp-justify-start\" style=\"padding: 0px 10px 0px 0px;\"><span class=\"sp-icon-wrapper sp-mr-4\"><i class=\"fa-fw fa-lg fas fa-check\" style=\"width: 32px; line-height: 32px;\"><\/i><\/span><span><span style=\"color: #ffffff;\"><a style=\"color: #ffffff;\" href=\"..\/?page_id=74\" data-wplink-edit=\"true\">Anwendungen<\/a><\/span><\/span><\/li>\n<li data-mobile-css=\"#sp-scbenv .sp-bullet-list-item-scbenv-3|padding:0px 10px 0px 0px ;\" data-tablet-css=\"#sp-scbenv .sp-bullet-list-item-scbenv-3|padding:0px 10px 0px 0px ;\" class=\"sp-flex sp-items-center sp-bullet-list-item-scbenv-3 sp-justify-start\" style=\"padding: 0px 10px 0px 0px;\"><span class=\"sp-icon-wrapper sp-mr-4\"><i class=\"fa-fw fa-lg fas fa-check\" style=\"width: 32px; line-height: 32px;\"><\/i><\/span><span><span style=\"color: #ffffff;\"><a style=\"color: #ffffff;\" href=\"..\/?page_id=118\">Preisliste<\/a><\/span><\/span><\/li>\n<li data-mobile-css=\"#sp-scbenv .sp-bullet-list-item-scbenv-4|padding:0px 10px 0px 0px ;\" data-tablet-css=\"#sp-scbenv .sp-bullet-list-item-scbenv-4|padding:0px 10px 0px 0px ;\" class=\"sp-flex sp-items-center sp-bullet-list-item-scbenv-4 sp-justify-start\" style=\"padding: 0px 10px 0px 0px;\"><span class=\"sp-icon-wrapper sp-mr-4\"><i class=\"fa-fw fa-lg fas fa-check\" style=\"width: 32px; line-height: 32px;\"><\/i><\/span><span><span style=\"color: #ffffff;\"><a style=\"color: #ffffff;\" href=\"..\/?page_id=120\">Gutscheine<\/a><\/span><\/span><\/li>\n<li data-mobile-css=\"#sp-scbenv .sp-bullet-list-item-scbenv-5|padding:0px 10px 0px 0px ;\" data-tablet-css=\"#sp-scbenv .sp-bullet-list-item-scbenv-5|padding:0px 10px 0px 0px ;\" class=\"sp-flex sp-items-center sp-bullet-list-item-scbenv-5 sp-justify-start\" style=\"padding: 0px 10px 0px 0px;\"><span class=\"sp-icon-wrapper sp-mr-4\"><i class=\"fa-fw fa-lg fas fa-check\" style=\"width: 32px; line-height: 32px;\"><\/i><\/span><span><span style=\"color: #ffffff;\"><a style=\"color: #ffffff;\" href=\"..\/?page_id=122\">Termin buchen<\/a><\/span><\/span><\/li>\n<li data-mobile-css=\"#sp-scbenv .sp-bullet-list-item-scbenv-6|padding:0px 10px 0px 0px ;\" data-tablet-css=\"#sp-scbenv .sp-bullet-list-item-scbenv-6|padding:0px 10px 0px 0px ;\" class=\"sp-flex sp-items-center sp-bullet-list-item-scbenv-6 sp-justify-start\" style=\"padding: 0px 10px 0px 0px;\"><span class=\"sp-icon-wrapper sp-mr-4\"><i class=\"fa-fw fa-lg fas fa-check\" style=\"width: 32px; line-height: 32px;\"><\/i><\/span><span><span style=\"color: #ffffff;\"><a style=\"color: #ffffff;\" href=\"..\/?page_id=127\">Kontakt<\/a><\/span><\/span><\/li>\n<li data-mobile-css=\"#sp-scbenv .sp-bullet-list-item-scbenv-7|padding:0px 10px 0px 0px ;\" data-tablet-css=\"#sp-scbenv .sp-bullet-list-item-scbenv-7|padding:0px 10px 0px 0px ;\" class=\"sp-flex sp-items-center sp-bullet-list-item-scbenv-7 sp-justify-start\" style=\"padding: 0px 10px 0px 0px;\"><span class=\"sp-icon-wrapper sp-mr-4\"><i class=\"fa-fw fa-lg fas fa-check\" style=\"width: 32px; line-height: 32px;\"><\/i><\/span><span><span style=\"color: #ffffff;\"><a style=\"color: #ffffff;\" href=\"..\/?page_id=124\">Wo wir sind<\/a><\/span><\/span><\/li>\n<li data-mobile-css=\"\" data-tablet-css=\"\" class=\"sp-flex sp-items-center sp-bullet-list-item-scbenv-8 sp-justify-start\"><span class=\"sp-icon-wrapper sp-mr-4\"><i class=\"fa-fw fa-lg fas fa-check\" style=\"width: 32px; line-height: 32px;\"><\/i><\/span><span><span style=\"color: #ffffff;\"><a style=\"color: #ffffff;\" href=\"..\/?page_id=129\">\u00d6ffnungszeiten<\/a><\/span><\/span><\/li>\n<\/ul>\n<\/div>\n<div id=\"d66gcv\" data-mobile-css=\".sp-text-wrapper-d66gcv, #sp-d66gcv, #d66gcv|text-align:left;\" data-tablet-css=\".sp-text-wrapper-d66gcv, #sp-d66gcv, #d66gcv|text-align:left;\" data-mobile-visibility=\".sp-text-wrapper-d66gcv|false\" data-tablet-visibility=\".sp-text-wrapper-d66gcv|false\" data-desktop-visibility=\".sp-text-wrapper-d66gcv|false\" class=\"sp-css-target sp-text-wrapper sp-el-block sp-text-block-style sp-text-wrapper-d66gcv mce-content-body html4-captions\"  style=\"margin: 0px; text-align: left; position: relative;\" >\n<p style=\"text-align: center;\" data-mce-style=\"text-align: center;\"><span style=\"color: #800080; background-color: #e7dff0;\" data-mce-style=\"color: #800080; background-color: #e7dff0;\">Die Thai-Massage ist eine traditionelle Massagepraxis aus Thailand, die auf den Prinzipien des Yoga, der Akupressur und der Ayurveda-Heilkunst beruht. Sie wird sowohl zur Entspannung als auch zur Linderung von k\u00f6rperlichen Beschwerden eingesetzt.<\/span><br \/><span style=\"color: #800080; background-color: #e7dff0;\" data-mce-style=\"color: #800080; background-color: #e7dff0;\">Typischerweise wird die Thai-Massage auf einer bequemen Matte auf dem Boden durchgef\u00fchrt, wobei der\/die Empf\u00e4nger\/in bekleidet bleibt. Die Masseurin verwendet dabei verschiedene Techniken wie Dehnen, Druckaus\u00fcbung und sanftes Schaukeln, um Energieblockaden im K\u00f6rper zu l\u00f6sen und das Gleichgewicht wiederherzustellen.<\/span><\/p>\n<p style=\"text-align: center;\" data-mce-style=\"text-align: center;\"><span style=\"color: #800080; background-color: #e7dff0;\" data-mce-style=\"color: #800080; background-color: #e7dff0;\">Die Massage beginnt normalerweise an den F\u00fc\u00dfen und bewegt sich langsam \u00fcber den gesamten K\u00f6rper bis hin zum Kopf. Die Masseurin nutzt dabei nicht nur ihre H\u00e4nde, sondern auch Ellenbogen, Knie und manchmal sogar ihre F\u00fc\u00dfe, um den K\u00f6rper des Empf\u00e4ngers zu behandeln. Der Druck kann je nach Bedarf des Empf\u00e4ngers variieren, von leichtem Streicheln bis hin zu kr\u00e4ftigem Kneten der Muskeln.<\/span><br \/><span style=\"color: #800080; background-color: #e7dff0;\" data-mce-style=\"color: #800080; background-color: #e7dff0;\">W\u00e4hrend der Thai-Massage wird besonderer Wert auf das Gleichgewicht und die Harmonie zwischen K\u00f6rper und Geist gelegt. Es wird angenommen, dass die Massage nicht nur physische Beschwerden lindert, sondern auch Stress und Spannungen im Geist abbaut. Viele Menschen empfinden nach einer Thai-Massage ein Gef\u00fchl der tiefen Entspannung und des Wohlbefindens.<\/span><\/p>\n<p style=\"text-align: center;\" data-mce-style=\"text-align: center;\"><span style=\"color: #800080; background-color: #e7dff0;\" data-mce-style=\"color: #800080; background-color: #e7dff0;\">Die Thai-Massage ist sowohl f\u00fcr junge als auch f\u00fcr \u00e4ltere Menschen geeignet und kann bei verschiedenen Beschwerden wie R\u00fcckenschmerzen, Verspannungen, Kopfschmerzen oder Stress hilfreich sein. Es wird empfohlen, vor der Massage \u00e4rztlichen Rat einzuholen, insbesondere wenn bestehende k\u00f6rperliche Probleme vorliegen.<\/span><\/p>\n<p><span style=\"color: #800080; background-color: #e7dff0;\" data-mce-style=\"color: #800080; background-color: #e7dff0;\">Insgesamt bietet die Thai-Massage eine einzigartige Erfahrung, bei der der\/die Empf\u00e4nger\/in sowohl k\u00f6rperlich als auch geistig in Einklang gebracht wird und sich entspannen kann.<\/span><\/p>\n<\/div>\n<div id=\"sp-p4gmsq\" data-mobile-css=\"#sp-p4gmsq|height:40px;\" data-tablet-css=\"#sp-p4gmsq|height:10px;\" class=\"sp-spacer\" style=\"height: 60px;\"><\/div>\n<div id=\"sp-button-parent-t4qda9\" data-mobile-css=\"#sp-button-parent-t4qda9|text-align:center;\" data-tablet-css=\"#sp-button-parent-t4qda9|text-align:center;\" class=\"sp-button-wrapper sp-el-block animated bounce aniIn_bounce ani_bounce\" style=\"margin: 0px; text-align: left;\"><a href=\"https:\/\/app.agendize.com\/book\/1017067276659929\" id=\"sp-t4qda9\" data-mobile-css=\"\" data-tablet-css=\"\" data-mobile-visibility=\".sp-button-t4qda9|false\" data-tablet-visibility=\".sp-button-t4qda9|false\" data-desktop-visibility=\".sp-button-t4qda9|false\" target=\"\" rel=\"noopener\" class=\"sp-button sp-css-target sp-text-center sp-inline-block sp-leading-none sp-button-t4qda9\" style=\"font-size: 22px; background: rgb(118, 22, 104); color: rgb(255, 255, 255); width: auto; padding: 16px 20px; border-radius: 4px; border-bottom: 3px solid rgb(75, 14, 66);\"><span><span style=\"color: #ffcc00;\">Termin buchen<\/span><\/span><\/a><\/div>\n<div id=\"sp-g1lpkn\" data-mobile-css=\".sp-text-wrapper-g1lpkn, #sp-g1lpkn, #g1lpkn|text-align:left;\" data-tablet-css=\".sp-text-wrapper-g1lpkn, #sp-g1lpkn, #g1lpkn|text-align:left;\" data-mobile-visibility=\".sp-text-wrapper-g1lpkn|false\" data-tablet-visibility=\".sp-text-wrapper-g1lpkn|false\" data-desktop-visibility=\".sp-text-wrapper-g1lpkn|false\" class=\"sp-css-target sp-text-wrapper sp-el-block sp-text-block-style sp-text-wrapper-g1lpkn\" style=\"margin: 0px; text-align: right;\">\n<p><span style=\"color: #000000;\"><a style=\"color: #000000;\" href=\"http:\/\/https\/\/de.freepik.com\/fotos-kostenlos\/spa-massage-auf-einer-schulter-fuer-junge-schoene-frau-im-schoenheitssalon_10626041.htm\" data-wplink-url-error=\"true\">Bild-Quelle<\/a><\/span><\/p>\n<\/div>\n<div id=\"sp-p48hb5\" data-mobile-css=\"#sp-p48hb5|height:40px;\" data-tablet-css=\"#sp-p48hb5|height:10px;\" class=\"sp-spacer\" style=\"height: 60px;\"><\/div>\n<div id=\"sp-rto5sq\" data-mobile-css=\"#sp-rto5sq|height:40px;\" data-tablet-css=\"#sp-rto5sq|height:10px;\" class=\"sp-spacer\" style=\"height: 60px;\"><\/div>\n<div id=\"sp-taeu61\" data-mobile-css=\"#sp-taeu61|height:40px;\" data-tablet-css=\"#sp-taeu61|height:10px;\" class=\"sp-spacer\" style=\"height: 60px;\"><\/div>\n<div id=\"sp-b1vh3v\" data-mobile-css=\"#sp-b1vh3v|height:40px;\" data-tablet-css=\"#sp-b1vh3v|height:10px;\" class=\"sp-spacer\" style=\"height: 60px;\"><\/div>\n<div id=\"sp-pt41ix\" data-mobile-css=\"#sp-pt41ix|height:40px;\" data-tablet-css=\"#sp-pt41ix|height:10px;\" class=\"sp-spacer\" style=\"height: 60px;\"><\/div>\n<\/div>\n<\/div>\n<\/section>\n<\/div>\n","protected":false},"excerpt":{"rendered":"<p>Home Wer wir sind Anwendungen Preisliste Gutscheine Termin buchen Kontakt Wo wir sind \u00d6ffnungszeiten Die Thai-Massage ist eine traditionelle Massagepraxis aus Thailand, die auf den Prinzipien des Yoga, der Akupressur und der Ayurveda-Heilkunst beruht. Sie wird sowohl zur Entspannung als auch zur Linderung von k\u00f6rperlichen Beschwerden eingesetzt.Typischerweise wird die Thai-Massage auf einer bequemen Matte auf [&hellip;]<\/p>\n","protected":false},"author":1,"featured_media":0,"parent":0,"menu_order":0,"comment_status":"closed","ping_status":"closed","template":"","meta":{"footnotes":""},"class_list":["post-71","page","type-page","status-publish","hentry"],"_links":{"self":[{"href":"https:\/\/thai-massage-messkirch.de\/index.php?rest_route=\/wp\/v2\/pages\/71"}],"collection":[{"href":"https:\/\/thai-massage-messkirch.de\/index.php?rest_route=\/wp\/v2\/pages"}],"about":[{"href":"https:\/\/thai-massage-messkirch.de\/index.php?rest_route=\/wp\/v2\/types\/page"}],"author":[{"embeddable":true,"href":"https:\/\/thai-massage-messkirch.de\/index.php?rest_route=\/wp\/v2\/users\/1"}],"replies":[{"embeddable":true,"href":"https:\/\/thai-massage-messkirch.de\/index.php?rest_route=%2Fwp%2Fv2%2Fcomments&post=71"}],"version-history":[{"count":19,"href":"https:\/\/thai-massage-messkirch.de\/index.php?rest_route=\/wp\/v2\/pages\/71\/revisions"}],"predecessor-version":[{"id":406,"href":"https:\/\/thai-massage-messkirch.de\/index.php?rest_route=\/wp\/v2\/pages\/71\/revisions\/406"}],"wp:attachment":[{"href":"https:\/\/thai-massage-messkirch.de\/index.php?rest_route=%2Fwp%2Fv2%2Fmedia&parent=71"}],"curies":[{"name":"wp","href":"https:\/\/api.w.org\/{rel}","templated":true}]}}