{"id":364,"date":"2024-04-24T17:23:15","date_gmt":"2024-04-24T17:23:15","guid":{"rendered":"https:\/\/thai-massage-messkirch.de\/?page_id=68\/?page_id=364"},"modified":"2024-04-28T13:34:21","modified_gmt":"2024-04-28T13:34:21","slug":"kraeuter-stempel-massage","status":"publish","type":"page","link":"https:\/\/thai-massage-messkirch.de\/?page_id=364","title":{"rendered":"Kraeuter-Stempel-Massage"},"content":{"rendered":"<div id=\"sp-page\" class=\"spBgcover sp-content-1\" style=\"background-color: rgb(21, 68, 115); background-image: url('https:\/\/assets.seedprod.com\/4747-dCq1FXA2aO4c7KEQ.jpg'); font-family: Roboto, sans-serif; font-weight: 400;\">\n<section id=\"sp-ks8a8s\" data-mobile-visibility=\"#sp-ks8a8s|false\" data-tablet-visibility=\"#sp-ks8a8s|false\" data-desktop-visibility=\"#sp-ks8a8s|false\" data-mobile-css=\"\" data-tablet-css=\"\" class=\"sp-el-section  spBgcover\" style=\"background-image: linear-gradient(0deg, rgba(204, 204, 204, 0.3), rgba(204, 204, 204, 0.3)), url('https:\/\/thai-massage-messkirch.de\/wp-content\/uploads\/2024\/04\/kraeuter-spa-behandlungsgeraete-auf-holzboden.jpg'); background-color: rgb(0, 0, 0); width: 100%; max-width: 100%; padding: 10px;\">\n<div id=\"sp-aqge1t\" data-mobile-visibility=\"#sp-aqge1t|false\" data-tablet-visibility=\"#sp-aqge1t|false\" data-desktop-visibility=\"#sp-aqge1t|false\" data-mobile-css=\"\" data-tablet-css=\"\" class=\"sp-el-row sm:sp-flex sp-w-full  sp-m-auto sp-justify-between\">\n<div id=\"sp-a0lb3b\" data-mobile-visibility=\"#sp-a0lb3b|false\" data-tablet-visibility=\"#sp-a0lb3b|false\" data-desktop-visibility=\"#sp-a0lb3b|false\" data-mobile-css=\"\" data-tablet-css=\"\" class=\"sp-el-col  sp-w-full\" style=\"width: calc(100% + 0px);\">\n<figure id=\"sp-qkuhqn\" data-mobile-css=\"#sp-qkuhqn|text-align:center;\" data-tablet-css=\"#sp-qkuhqn|text-align:center;\" class=\"sp-image-wrapper sp-el-block\" style=\"margin: 0px; text-align: left;\">\n<div><span><img decoding=\"async\" src=\"\/\/thai-massage-messkirch.de\/wp-content\/uploads\/2024\/02\/Lotus-flower-logo-gradient.png\" alt=\"\" width=\"500\" height=\"500\" data-mobile-visibility=\".sp-image-block-qkuhqn|false\" data-tablet-visibility=\".sp-image-block-qkuhqn|false\" data-desktop-visibility=\".sp-image-block-qkuhqn|false\" srcset=\" \/\/thai-massage-messkirch.de\/wp-content\/uploads\/2024\/02\/Lotus-flower-logo-gradient-150x150.png 150w, \/\/thai-massage-messkirch.de\/wp-content\/uploads\/2024\/02\/Lotus-flower-logo-gradient-300x300.png 300w, \/\/thai-massage-messkirch.de\/wp-content\/uploads\/2024\/02\/Lotus-flower-logo-gradient.png 500w\" class=\"sp-image-block-qkuhqn\" style=\"width: 170px;\"><\/span><\/div>\n<\/figure>\n<div id=\"sp-ctmbpt\" data-mobile-css=\".sp-bulletlist-block-ctmbpt, #sp-ctmbpt|justify-content:flex-start;\" data-tablet-css=\".sp-bulletlist-block-ctmbpt, #sp-ctmbpt|justify-content:flex-start;\" data-mobile-visibility=\".sp-bulletlist-block-ctmbpt|false\" data-tablet-visibility=\".sp-bulletlist-block-ctmbpt|false\" data-desktop-visibility=\".sp-bulletlist-block-ctmbpt|false\" class=\"sp-flex sp-css-target sp-el-block sp-bulletlist-block-template-0 sp-justify-start sp-bulletlist-block-ctmbpt\" style=\"margin: 0px;\">\n<ul class=\"sp-bulletlist-wrapper sp-flex sp-flex-wrap sp-items-center\">\n<li data-mobile-css=\"#sp-ctmbpt .sp-bullet-list-item-ctmbpt-0|padding:0px 10px 0px 0px ;\" data-tablet-css=\"#sp-ctmbpt .sp-bullet-list-item-ctmbpt-0|padding:0px 10px 0px 0px ;\" class=\"sp-flex sp-items-center sp-bullet-list-item-ctmbpt-0 sp-justify-start\" style=\"padding: 0px 10px 0px 0px;\"><span class=\"sp-icon-wrapper sp-mr-4\"><i class=\"fa-fw fa-lg fas fa-check\" style=\"width: 32px; line-height: 32px;\"><\/i><\/span><span><span style=\"color: #ffffff;\"><a style=\"color: #ffffff;\" href=\"..\/?page_id=68\">Home<\/a><\/span><\/span><\/li>\n<li data-mobile-css=\"#sp-ctmbpt .sp-bullet-list-item-ctmbpt-1|padding:0px 10px 0px 0px ;\" data-tablet-css=\"#sp-ctmbpt .sp-bullet-list-item-ctmbpt-1|padding:0px 10px 0px 0px ;\" class=\"sp-flex sp-items-center sp-bullet-list-item-ctmbpt-1 sp-justify-start\" style=\"padding: 0px 10px 0px 0px;\"><span class=\"sp-icon-wrapper sp-mr-4\"><i class=\"fa-fw fa-lg fas fa-check\" style=\"width: 32px; line-height: 32px;\"><\/i><\/span><span><span style=\"color: #ffffff;\"><a style=\"color: #ffffff;\" href=\"..\/?page_id=114\">Wer wir sind<\/a><\/span><\/span><\/li>\n<li data-mobile-css=\"#sp-ctmbpt .sp-bullet-list-item-ctmbpt-2|padding:0px 10px 0px 0px ;\" data-tablet-css=\"#sp-ctmbpt .sp-bullet-list-item-ctmbpt-2|padding:0px 10px 0px 0px ;\" class=\"sp-flex sp-items-center sp-bullet-list-item-ctmbpt-2 sp-justify-start\" style=\"padding: 0px 10px 0px 0px;\"><span class=\"sp-icon-wrapper sp-mr-4\"><i class=\"fa-fw fa-lg fas fa-check\" style=\"width: 32px; line-height: 32px;\"><\/i><\/span><span><span style=\"color: #ffffff;\"><a style=\"color: #ffffff;\" href=\"..\/?page_id=74\" data-wplink-edit=\"true\">Anwendungen<\/a><\/span><\/span><\/li>\n<li data-mobile-css=\"#sp-ctmbpt .sp-bullet-list-item-ctmbpt-3|padding:0px 10px 0px 0px ;\" data-tablet-css=\"#sp-ctmbpt .sp-bullet-list-item-ctmbpt-3|padding:0px 10px 0px 0px ;\" class=\"sp-flex sp-items-center sp-bullet-list-item-ctmbpt-3 sp-justify-start\" style=\"padding: 0px 10px 0px 0px;\"><span class=\"sp-icon-wrapper sp-mr-4\"><i class=\"fa-fw fa-lg fas fa-check\" style=\"width: 32px; line-height: 32px;\"><\/i><\/span><span><span style=\"color: #ffffff;\"><a style=\"color: #ffffff;\" href=\"..\/?page_id=118\">Preisliste<\/a><\/span><\/span><\/li>\n<li data-mobile-css=\"#sp-ctmbpt .sp-bullet-list-item-ctmbpt-4|padding:0px 10px 0px 0px ;\" data-tablet-css=\"#sp-ctmbpt .sp-bullet-list-item-ctmbpt-4|padding:0px 10px 0px 0px ;\" class=\"sp-flex sp-items-center sp-bullet-list-item-ctmbpt-4 sp-justify-start\" style=\"padding: 0px 10px 0px 0px;\"><span class=\"sp-icon-wrapper sp-mr-4\"><i class=\"fa-fw fa-lg fas fa-check\" style=\"width: 32px; line-height: 32px;\"><\/i><\/span><span><span style=\"color: #ffffff;\"><a style=\"color: #ffffff;\" href=\"..\/?page_id=120\">Gutscheine<\/a><\/span><\/span><\/li>\n<li data-mobile-css=\"#sp-ctmbpt .sp-bullet-list-item-ctmbpt-5|padding:0px 10px 0px 0px ;\" data-tablet-css=\"#sp-ctmbpt .sp-bullet-list-item-ctmbpt-5|padding:0px 10px 0px 0px ;\" class=\"sp-flex sp-items-center sp-bullet-list-item-ctmbpt-5 sp-justify-start\" style=\"padding: 0px 10px 0px 0px;\"><span class=\"sp-icon-wrapper sp-mr-4\"><i class=\"fa-fw fa-lg fas fa-check\" style=\"width: 32px; line-height: 32px;\"><\/i><\/span><span><span style=\"color: #ffffff;\"><a style=\"color: #ffffff;\" href=\"..\/?page_id=122\">Termin buchen<\/a><\/span><\/span><\/li>\n<li data-mobile-css=\"#sp-ctmbpt .sp-bullet-list-item-ctmbpt-6|padding:0px 10px 0px 0px ;\" data-tablet-css=\"#sp-ctmbpt .sp-bullet-list-item-ctmbpt-6|padding:0px 10px 0px 0px ;\" class=\"sp-flex sp-items-center sp-bullet-list-item-ctmbpt-6 sp-justify-start\" style=\"padding: 0px 10px 0px 0px;\"><span class=\"sp-icon-wrapper sp-mr-4\"><i class=\"fa-fw fa-lg fas fa-check\" style=\"width: 32px; line-height: 32px;\"><\/i><\/span><span><span style=\"color: #ffffff;\"><a style=\"color: #ffffff;\" href=\"..\/?page_id=127\">Kontakt<\/a><\/span><\/span><\/li>\n<li data-mobile-css=\"#sp-ctmbpt .sp-bullet-list-item-ctmbpt-7|padding:0px 10px 0px 0px ;\" data-tablet-css=\"#sp-ctmbpt .sp-bullet-list-item-ctmbpt-7|padding:0px 10px 0px 0px ;\" class=\"sp-flex sp-items-center sp-bullet-list-item-ctmbpt-7 sp-justify-start\" style=\"padding: 0px 10px 0px 0px;\"><span class=\"sp-icon-wrapper sp-mr-4\"><i class=\"fa-fw fa-lg fas fa-check\" style=\"width: 32px; line-height: 32px;\"><\/i><\/span><span><span style=\"color: #ffffff;\"><a style=\"color: #ffffff;\" href=\"..\/?page_id=124\">Wo wir sind<\/a><\/span><\/span><\/li>\n<li data-mobile-css=\"\" data-tablet-css=\"\" class=\"sp-flex sp-items-center sp-bullet-list-item-ctmbpt-8 sp-justify-start\"><span class=\"sp-icon-wrapper sp-mr-4\"><i class=\"fa-fw fa-lg fas fa-check\" style=\"width: 32px; line-height: 32px;\"><\/i><\/span><span><span style=\"color: #ffffff;\"><a style=\"color: #ffffff;\" href=\"..\/?page_id=129\">\u00d6ffnungszeiten<\/a><\/span><\/span><\/li>\n<\/ul>\n<\/div>\n<div id=\"sp-p4gmsq\" data-mobile-css=\"#sp-p4gmsq|height:40px;\" data-tablet-css=\"#sp-p4gmsq|height:10px;\" class=\"sp-spacer\" style=\"height: 60px;\"><\/div>\n<div id=\"sp-d66gcv\" data-mobile-css=\".sp-text-wrapper-d66gcv, #sp-d66gcv, #d66gcv|text-align:left;\" data-tablet-css=\".sp-text-wrapper-d66gcv, #sp-d66gcv, #d66gcv|text-align:left;\" data-mobile-visibility=\".sp-text-wrapper-d66gcv|false\" data-tablet-visibility=\".sp-text-wrapper-d66gcv|false\" data-desktop-visibility=\".sp-text-wrapper-d66gcv|false\" class=\"sp-css-target sp-text-wrapper sp-el-block sp-text-block-style sp-text-wrapper-d66gcv\" style=\"color: rgb(255, 255, 255); padding: 0px; margin: 0px; text-align: left;\">\n<div class=\"wpaicg-chat-shortcode-content\">\n<p style=\"text-align: center;\"><span id=\"wpaicg-chat-message-48696\" class=\"wpaicg-chat-message\" style=\"color: #800080; background-color: #e7dff0;\">Die Kr\u00e4uter-Stempel-Massage ist eine traditionelle Thai-Massage,<br \/>bei der erw\u00e4rmte Kr\u00e4uterstempel verwendet werden, um den K\u00f6rper zu massieren und zu entspannen.&nbsp;<br \/>Die&nbsp;Stempel&nbsp;bestehen&nbsp;aus&nbsp;einer&nbsp;<br \/>Mischung aus verschiedenen Kr\u00e4utern,die je nach Bedarf und&nbsp;Wirkung&nbsp;ausgew\u00e4hlt&nbsp;werden.&nbsp;<br \/>W\u00e4hrend der Massage werden die Stempel sanft \u00fcber die Haut gerollt, um die Muskeln zu lockern,<br \/>die Durchblutung zu f\u00f6rdern und&nbsp;eine tiefe Entspannung zu&nbsp;erreichen.&nbsp;<br \/>Die W\u00e4rme und die \u00e4therischen \u00d6le der&nbsp;Kr\u00e4uter haben eine beruhigende Wirkung<br \/>auf K\u00f6rper und Geist und k\u00f6nnen helfen,<br \/>Stress abzubauen und das allgemeine Wohlbefinden zu steigern. <br \/>Die Kr\u00e4uter-Stempel-Massage ist eine wohltuende Behandlung, die K\u00f6rper und Seele in Einklang <br \/>bringt und ein Gef\u00fchl der Erneuerung hinterl\u00e4sst.<\/span><\/p>\n<\/div>\n<div class=\"wpaicg-chat-shortcode-type\">&nbsp;<\/div>\n<\/div>\n<div id=\"sp-button-parent-s5kzwz\" data-mobile-css=\"#sp-button-parent-s5kzwz|text-align:center;\" data-tablet-css=\"#sp-button-parent-s5kzwz|text-align:center;\" class=\"sp-button-wrapper sp-el-block animated bounce aniIn_bounce ani_bounce\" style=\"margin: 0px; text-align: left;\"><a href=\"https:\/\/app.agendize.com\/book\/1017067276659929\" id=\"sp-s5kzwz\" data-mobile-css=\"\" data-tablet-css=\"\" data-mobile-visibility=\".sp-button-s5kzwz|false\" data-tablet-visibility=\".sp-button-s5kzwz|false\" data-desktop-visibility=\".sp-button-s5kzwz|false\" target=\"\" rel=\"noopener\" class=\"sp-button sp-css-target sp-text-center sp-inline-block sp-leading-none sp-button-s5kzwz\" style=\"font-size: 22px; background: rgb(118, 22, 104); color: rgb(255, 255, 255); width: auto; padding: 16px 20px; border-radius: 4px; border-bottom: 3px solid rgb(75, 14, 66);\"><span><span style=\"color: #ffcc00;\">Termin buchen<\/span><\/span><\/a><\/div>\n<div id=\"sp-p48hb5\" data-mobile-css=\"#sp-p48hb5|height:40px;\" data-tablet-css=\"#sp-p48hb5|height:10px;\" class=\"sp-spacer\" style=\"height: 60px;\"><\/div>\n<div id=\"sp-t2ffbj\" data-mobile-css=\"#sp-t2ffbj|height:40px;\" data-tablet-css=\"#sp-t2ffbj|height:10px;\" class=\"sp-spacer\" style=\"height: 60px;\"><\/div>\n<div id=\"sp-vstqcr\" data-mobile-css=\".sp-text-wrapper-vstqcr, #sp-vstqcr, #vstqcr|text-align:left;\" data-tablet-css=\".sp-text-wrapper-vstqcr, #sp-vstqcr, #vstqcr|text-align:left;\" data-mobile-visibility=\".sp-text-wrapper-vstqcr|false\" data-tablet-visibility=\".sp-text-wrapper-vstqcr|false\" data-desktop-visibility=\".sp-text-wrapper-vstqcr|false\" class=\"sp-css-target sp-text-wrapper sp-el-block sp-text-block-style sp-text-wrapper-vstqcr\" style=\"margin: 0px; text-align: left;\">\n<p style=\"text-align: right;\"><span style=\"color: #000000;\"><a style=\"color: #000000;\" href=\"https:\/\/de.freepik.com\/fotos-kostenlos\/kraeuter-spa-behandlungsgeraete-auf-holzboden_11407816.htm#query=kraeuterstempel%20massage&amp;position=7&amp;from_view=keyword&amp;track=ais&amp;uuid=db180dc7-3cf2-4bda-bb99-0a5a3c28eea7\">Bild-Quelle<\/a><\/span><\/p>\n<p style=\"text-align: right;\">&nbsp;<\/p>\n<\/div>\n<div id=\"sp-iv67da\" data-mobile-css=\"#sp-iv67da|height:40px;\" data-tablet-css=\"#sp-iv67da|height:10px;\" class=\"sp-spacer\" style=\"height: 60px;\"><\/div>\n<div id=\"sp-rto5sq\" data-mobile-css=\"#sp-rto5sq|height:40px;\" data-tablet-css=\"#sp-rto5sq|height:10px;\" class=\"sp-spacer\" style=\"height: 60px;\"><\/div>\n<div id=\"sp-b1vh3v\" data-mobile-css=\"#sp-b1vh3v|height:40px;\" data-tablet-css=\"#sp-b1vh3v|height:10px;\" class=\"sp-spacer\" style=\"height: 60px;\"><\/div>\n<div id=\"sp-pt41ix\" data-mobile-css=\"#sp-pt41ix|height:40px;\" data-tablet-css=\"#sp-pt41ix|height:10px;\" class=\"sp-spacer\" style=\"height: 60px;\"><\/div>\n<div id=\"sp-ih6eq1\" data-mobile-css=\"#sp-ih6eq1|height:40px;\" data-tablet-css=\"#sp-ih6eq1|height:10px;\" class=\"sp-spacer\" style=\"height: 60px;\"><\/div>\n<div id=\"sp-h2n11j\" data-mobile-css=\"#sp-h2n11j|height:40px;\" data-tablet-css=\"#sp-h2n11j|height:10px;\" class=\"sp-spacer\" style=\"height: 60px;\"><\/div>\n<\/div>\n<\/div>\n<\/section>\n<\/div>\n","protected":false},"excerpt":{"rendered":"<p>Home Wer wir sind Anwendungen Preisliste Gutscheine Termin buchen Kontakt Wo wir sind \u00d6ffnungszeiten Die Kr\u00e4uter-Stempel-Massage ist eine traditionelle Thai-Massage,bei der erw\u00e4rmte Kr\u00e4uterstempel verwendet werden, um den K\u00f6rper zu massieren und zu entspannen.&nbsp;Die&nbsp;Stempel&nbsp;bestehen&nbsp;aus&nbsp;einer&nbsp;Mischung aus verschiedenen Kr\u00e4utern,die je nach Bedarf und&nbsp;Wirkung&nbsp;ausgew\u00e4hlt&nbsp;werden.&nbsp;W\u00e4hrend der Massage werden die Stempel sanft \u00fcber die Haut gerollt, um die Muskeln zu lockern,die [&hellip;]<\/p>\n","protected":false},"author":1,"featured_media":0,"parent":0,"menu_order":0,"comment_status":"closed","ping_status":"closed","template":"","meta":{"footnotes":""},"class_list":["post-364","page","type-page","status-publish","hentry"],"_links":{"self":[{"href":"https:\/\/thai-massage-messkirch.de\/index.php?rest_route=\/wp\/v2\/pages\/364"}],"collection":[{"href":"https:\/\/thai-massage-messkirch.de\/index.php?rest_route=\/wp\/v2\/pages"}],"about":[{"href":"https:\/\/thai-massage-messkirch.de\/index.php?rest_route=\/wp\/v2\/types\/page"}],"author":[{"embeddable":true,"href":"https:\/\/thai-massage-messkirch.de\/index.php?rest_route=\/wp\/v2\/users\/1"}],"replies":[{"embeddable":true,"href":"https:\/\/thai-massage-messkirch.de\/index.php?rest_route=%2Fwp%2Fv2%2Fcomments&post=364"}],"version-history":[{"count":21,"href":"https:\/\/thai-massage-messkirch.de\/index.php?rest_route=\/wp\/v2\/pages\/364\/revisions"}],"predecessor-version":[{"id":398,"href":"https:\/\/thai-massage-messkirch.de\/index.php?rest_route=\/wp\/v2\/pages\/364\/revisions\/398"}],"wp:attachment":[{"href":"https:\/\/thai-massage-messkirch.de\/index.php?rest_route=%2Fwp%2Fv2%2Fmedia&parent=364"}],"curies":[{"name":"wp","href":"https:\/\/api.w.org\/{rel}","templated":true}]}}