{"id":320,"date":"2024-03-31T12:12:49","date_gmt":"2024-03-31T12:12:49","guid":{"rendered":"https:\/\/thai-massage-messkirch.de\/?page_id=68\/?page_id=320"},"modified":"2024-06-30T14:42:10","modified_gmt":"2024-06-30T14:42:10","slug":"agb","status":"publish","type":"page","link":"https:\/\/thai-massage-messkirch.de\/?page_id=320","title":{"rendered":"AGB"},"content":{"rendered":"<div id=\"sp-page\" class=\"spBgcover sp-content-1\" style=\"background-color: rgb(21, 68, 115); background-image: url('https:\/\/assets.seedprod.com\/4747-dCq1FXA2aO4c7KEQ.jpg'); font-family: Roboto, sans-serif; font-weight: 400;\">\n<section id=\"sp-ks8a8s\" data-mobile-visibility=\"#sp-ks8a8s|false\" data-tablet-visibility=\"#sp-ks8a8s|false\" data-desktop-visibility=\"#sp-ks8a8s|false\" data-mobile-css=\"\" data-tablet-css=\"\" class=\"sp-el-section  spBgcover\" style=\"background-color: rgb(155, 73, 173); width: 100%; max-width: 100%; padding: 10px; box-shadow: rgba(0, 0, 0, 0.1) 0px 1px 3px 0px, rgba(0, 0, 0, 0.6) 0px 1px 2px 0px;\">\n<div id=\"sp-aqge1t\" data-mobile-visibility=\"#sp-aqge1t|false\" data-tablet-visibility=\"#sp-aqge1t|false\" data-desktop-visibility=\"#sp-aqge1t|false\" data-mobile-css=\"\" data-tablet-css=\"\" class=\"sp-el-row sm:sp-flex sp-w-full  sp-m-auto sp-justify-between\">\n<div id=\"sp-a0lb3b\" data-mobile-visibility=\"#sp-a0lb3b|false\" data-tablet-visibility=\"#sp-a0lb3b|false\" data-desktop-visibility=\"#sp-a0lb3b|false\" data-mobile-css=\"\" data-tablet-css=\"\" class=\"sp-el-col  sp-w-full\" style=\"width: calc(100% + 0px);\">\n<figure id=\"sp-qkuhqn\" data-mobile-css=\"#sp-qkuhqn|text-align:center;\" data-tablet-css=\"#sp-qkuhqn|text-align:center;\" class=\"sp-image-wrapper sp-el-block\" style=\"margin: 0px; text-align: left;\">\n<div class=\"sp-image-preview\"><span><img decoding=\"async\" src=\"\/\/thai-massage-messkirch.de\/wp-content\/uploads\/2024\/02\/Lotus-flower-logo-gradient.png\" alt=\"\" width=\"500\" height=\"500\" data-mobile-visibility=\".sp-image-block-qkuhqn|false\" data-tablet-visibility=\".sp-image-block-qkuhqn|false\" data-desktop-visibility=\".sp-image-block-qkuhqn|false\" srcset=\" \/\/thai-massage-messkirch.de\/wp-content\/uploads\/2024\/02\/Lotus-flower-logo-gradient-150x150.png 150w, \/\/thai-massage-messkirch.de\/wp-content\/uploads\/2024\/02\/Lotus-flower-logo-gradient-300x300.png 300w, \/\/thai-massage-messkirch.de\/wp-content\/uploads\/2024\/02\/Lotus-flower-logo-gradient.png 500w\" class=\"sp-image-block-qkuhqn\" style=\"width: 170px;\"><\/span><\/div>\n<\/figure>\n<div id=\"sp-ubwmid\" data-mobile-css=\".sp-bulletlist-block-ubwmid, #sp-ubwmid|justify-content:flex-start;\" data-tablet-css=\".sp-bulletlist-block-ubwmid, #sp-ubwmid|justify-content:flex-start;\" data-mobile-visibility=\".sp-bulletlist-block-ubwmid|false\" data-tablet-visibility=\".sp-bulletlist-block-ubwmid|false\" data-desktop-visibility=\".sp-bulletlist-block-ubwmid|false\" class=\"sp-flex sp-css-target sp-el-block sp-bulletlist-block-template-0 sp-justify-start sp-bulletlist-block-ubwmid\" style=\"margin: 0px;\">\n<ul class=\"sp-bulletlist-wrapper sp-flex sp-flex-wrap sp-items-center\">\n<li data-mobile-css=\"#sp-ubwmid .sp-bullet-list-item-ubwmid-0|padding:0px 10px 0px 0px ;\" data-tablet-css=\"#sp-ubwmid .sp-bullet-list-item-ubwmid-0|padding:0px 10px 0px 0px ;\" class=\"sp-flex sp-items-center sp-bullet-list-item-ubwmid-0 sp-justify-start\" style=\"padding: 0px 10px 0px 0px;\"><span class=\"sp-icon-wrapper sp-mr-4\"><i class=\"fa-fw fa-lg fas fa-check\" style=\"width: 32px; line-height: 32px;\"><\/i><\/span><span><span style=\"color: #ffffff;\"><a style=\"color: #ffffff;\" href=\"..\/?page_id=68\">Home<\/a><\/span><\/span><\/li>\n<li data-mobile-css=\"#sp-ubwmid .sp-bullet-list-item-ubwmid-1|padding:0px 10px 0px 0px ;\" data-tablet-css=\"#sp-ubwmid .sp-bullet-list-item-ubwmid-1|padding:0px 10px 0px 0px ;\" class=\"sp-flex sp-items-center sp-bullet-list-item-ubwmid-1 sp-justify-start\" style=\"padding: 0px 10px 0px 0px;\"><span class=\"sp-icon-wrapper sp-mr-4\"><i class=\"fa-fw fa-lg fas fa-check\" style=\"width: 32px; line-height: 32px;\"><\/i><\/span><span><span style=\"color: #ffffff;\"><a style=\"color: #ffffff;\" href=\"..\/?page_id=114\">Wer wir sind<\/a><\/span><\/span><\/li>\n<li data-mobile-css=\"#sp-ubwmid .sp-bullet-list-item-ubwmid-2|padding:0px 10px 0px 0px ;\" data-tablet-css=\"#sp-ubwmid .sp-bullet-list-item-ubwmid-2|padding:0px 10px 0px 0px ;\" class=\"sp-flex sp-items-center sp-bullet-list-item-ubwmid-2 sp-justify-start\" style=\"padding: 0px 10px 0px 0px;\"><span class=\"sp-icon-wrapper sp-mr-4\"><i class=\"fa-fw fa-lg fas fa-check\" style=\"width: 32px; line-height: 32px;\"><\/i><\/span><span><span style=\"color: #ffffff;\"><a style=\"color: #ffffff;\" href=\"..\/?page_id=74\" data-wplink-edit=\"true\">Anwendungen<\/a><\/span><\/span><\/li>\n<li data-mobile-css=\"#sp-ubwmid .sp-bullet-list-item-ubwmid-3|padding:0px 10px 0px 0px ;\" data-tablet-css=\"#sp-ubwmid .sp-bullet-list-item-ubwmid-3|padding:0px 10px 0px 0px ;\" class=\"sp-flex sp-items-center sp-bullet-list-item-ubwmid-3 sp-justify-start\" style=\"padding: 0px 10px 0px 0px;\"><span class=\"sp-icon-wrapper sp-mr-4\"><i class=\"fa-fw fa-lg fas fa-check\" style=\"width: 32px; line-height: 32px;\"><\/i><\/span><span><span style=\"color: #ffffff;\"><a style=\"color: #ffffff;\" href=\"..\/?page_id=118\">Preisliste<\/a><\/span><\/span><\/li>\n<li data-mobile-css=\"#sp-ubwmid .sp-bullet-list-item-ubwmid-4|padding:0px 10px 0px 0px ;\" data-tablet-css=\"#sp-ubwmid .sp-bullet-list-item-ubwmid-4|padding:0px 10px 0px 0px ;\" class=\"sp-flex sp-items-center sp-bullet-list-item-ubwmid-4 sp-justify-start\" style=\"padding: 0px 10px 0px 0px;\"><span class=\"sp-icon-wrapper sp-mr-4\"><i class=\"fa-fw fa-lg fas fa-check\" style=\"width: 32px; line-height: 32px;\"><\/i><\/span><span><span style=\"color: #ffffff;\"><a style=\"color: #ffffff;\" href=\"..\/?page_id=120\">Gutscheine<\/a><\/span><\/span><\/li>\n<li data-mobile-css=\"#sp-ubwmid .sp-bullet-list-item-ubwmid-5|padding:0px 10px 0px 0px ;\" data-tablet-css=\"#sp-ubwmid .sp-bullet-list-item-ubwmid-5|padding:0px 10px 0px 0px ;\" class=\"sp-flex sp-items-center sp-bullet-list-item-ubwmid-5 sp-justify-start\" style=\"padding: 0px 10px 0px 0px;\"><span class=\"sp-icon-wrapper sp-mr-4\"><i class=\"fa-fw fa-lg fas fa-check\" style=\"width: 32px; line-height: 32px;\"><\/i><\/span><span><span style=\"color: #ffffff;\"><a style=\"color: #ffffff;\" href=\"..\/?page_id=122\">Termin buchen<\/a><\/span><\/span><\/li>\n<li data-mobile-css=\"#sp-ubwmid .sp-bullet-list-item-ubwmid-6|padding:0px 10px 0px 0px ;\" data-tablet-css=\"#sp-ubwmid .sp-bullet-list-item-ubwmid-6|padding:0px 10px 0px 0px ;\" class=\"sp-flex sp-items-center sp-bullet-list-item-ubwmid-6 sp-justify-start\" style=\"padding: 0px 10px 0px 0px;\"><span class=\"sp-icon-wrapper sp-mr-4\"><i class=\"fa-fw fa-lg fas fa-check\" style=\"width: 32px; line-height: 32px;\"><\/i><\/span><span><span style=\"color: #ffffff;\"><a style=\"color: #ffffff;\" href=\"..\/?page_id=127\">Kontakt<\/a><\/span><\/span><\/li>\n<li data-mobile-css=\"#sp-ubwmid .sp-bullet-list-item-ubwmid-7|padding:0px 10px 0px 0px ;\" data-tablet-css=\"#sp-ubwmid .sp-bullet-list-item-ubwmid-7|padding:0px 10px 0px 0px ;\" class=\"sp-flex sp-items-center sp-bullet-list-item-ubwmid-7 sp-justify-start\" style=\"padding: 0px 10px 0px 0px;\"><span class=\"sp-icon-wrapper sp-mr-4\"><i class=\"fa-fw fa-lg fas fa-check\" style=\"width: 32px; line-height: 32px;\"><\/i><\/span><span><span style=\"color: #ffffff;\"><a style=\"color: #ffffff;\" href=\"..\/?page_id=124\">Wo wir sind<\/a><\/span><\/span><\/li>\n<li data-mobile-css=\"\" data-tablet-css=\"\" class=\"sp-flex sp-items-center sp-bullet-list-item-ubwmid-8 sp-justify-start\"><span class=\"sp-icon-wrapper sp-mr-4\"><i class=\"fa-fw fa-lg fas fa-check\" style=\"width: 32px; line-height: 32px;\"><\/i><\/span><span><span style=\"color: #ffffff;\"><a style=\"color: #ffffff;\" href=\"..\/?page_id=129\">\u00d6ffnungszeiten<\/a><\/span><\/span><\/li>\n<\/ul>\n<\/div>\n<div id=\"sp-p4gmsq\" data-mobile-css=\"#sp-p4gmsq|height:40px;\" data-tablet-css=\"#sp-p4gmsq|height:10px;\" class=\"sp-spacer\" style=\"height: 60px;\"><\/div>\n<div id=\"d66gcv\" data-mobile-css=\".sp-text-wrapper-d66gcv, #sp-d66gcv, #d66gcv|text-align:left;\" data-tablet-css=\".sp-text-wrapper-d66gcv, #sp-d66gcv, #d66gcv|text-align:left;\" data-mobile-visibility=\".sp-text-wrapper-d66gcv|false\" data-tablet-visibility=\".sp-text-wrapper-d66gcv|false\" data-desktop-visibility=\".sp-text-wrapper-d66gcv|false\" class=\"sp-css-target sp-text-wrapper sp-el-block sp-text-block-style sp-text-wrapper-d66gcv mce-content-body html4-captions\"  style=\"color: rgb(255, 255, 255); padding: 0px; margin: 0px; text-align: left; position: relative;\" >\n<div class=\"wpaicg-chat-shortcode-content\">\n<p><span class=\"wpaicg-chat-message\">Allgemeine Gesch\u00e4ftsbedingungen&nbsp;<br \/>Nassa\u00b4s Thai-Massage&nbsp;<br \/>Nassa Rampe<br \/><\/span><\/p>\n<p>Die folgenden Allgemeinen Bedingungen sind Bestandteil aller Angebote, sowie von Vertr\u00e4gen \u00fcber den Verkauf von Gutscheinen. <br \/>Alle von den hier genannten Allgemeinen Gesch\u00e4ftsbedingungen abweichende Vereinbarungen und Nebenabreden der Vertragsparteien bed\u00fcrfen der Schriftform. Entgegenstehende Gesch\u00e4ftsbedingungen des Kunden werden nicht Vertragsbestandteil.<\/p>\n<p><span class=\"wpaicg-chat-message\">1.&nbsp;Terminvereinbarung:<br \/>Um&nbsp;einen&nbsp;Termin&nbsp;f\u00fcr&nbsp;eine&nbsp;Thai-Massage&nbsp;zu&nbsp;vereinbaren,&nbsp;bitten&nbsp;wir&nbsp;unsere&nbsp;Kunden,&nbsp;im&nbsp;Voraus&nbsp;einen&nbsp;Termin&nbsp;zu&nbsp;buchen.&nbsp;<br \/>Dies&nbsp;kann&nbsp;telefonisch&nbsp;oder&nbsp;online&nbsp;erfolgen.<\/span>Bitte erscheinen Sie zum vereinbarten Termin 5 Minuten vorher. <br \/>Ein versp\u00e4tetes Erscheinen wird, auch im Interesse der nachfolgenden Kunden, von ihrer Behandlungszeit abgehen.<\/p>\n<p><span class=\"wpaicg-chat-message\">2. Stornierungsbedingungen:<br \/>Sollte&nbsp;ein&nbsp;Kunde&nbsp;einen&nbsp;vereinbarten&nbsp;Termin&nbsp;nicht&nbsp;wahrnehmen&nbsp;k\u00f6nnen,&nbsp;bitten&nbsp;wir&nbsp;um&nbsp;eine&nbsp;rechtzeitige&nbsp;Benachrichtigung.&nbsp;<br \/>Stornierungen m\u00fcssen mindestens 24 Stunden vor dem Termin erfolgen, um eine Geb\u00fchr zu vermeiden. Erscheint der Kunde,<br \/>ohne vorherige Abmeldung nicht zum Termin, wird die gebuchte Leistung zur Zahlung f\u00e4llig. <br \/>Meldet sich der Kunde k\u00fcrzer als 24 Stunden und bis zu 12 Stunden vor dem gebuchten Temin ab, werden 50% der gebuchten Leistung berechnet.<br \/>Abmeldungen k\u00fcrzer als 12 Stunden vor dem Termin werden mit dem vollen gebuchten Preis abgerechnet.<\/p>\n<p>3.&nbsp;Gesundheitszustand:<br \/>Vor Beginn der Thai-Massage ist es wichtig, dass Kunden ihren aktuellen Gesundheitszustand mitteilen. <br \/>Dies erm\u00f6glicht es unserem Team, die Massage entsprechend anzupassen und eventuelle gesundheitliche Bedenken zu ber\u00fccksichtigen.<\/p>\n<p>4.&nbsp;Verantwortung&nbsp;des&nbsp;Kunden:<br \/>Kunden sind daf\u00fcr verantwortlich, dem Masseur alle relevanten Informationen \u00fcber ihren Gesundheitszustand mitzuteilen,<br \/>um sicherzustellen, dass die Massage sicher und effektiv ist.<\/p>\n<p>5.&nbsp;Haftungsausschluss:<br \/>Unser&nbsp;Studio&nbsp;\u00fcbernimmt&nbsp;keine&nbsp;Haftung&nbsp;f\u00fcr&nbsp;Verletzungen&nbsp;oder&nbsp;Sch\u00e4den,&nbsp;die&nbsp;durch&nbsp;unzureichende&nbsp;oder&nbsp;ungenaue&nbsp;Informationen&nbsp;des&nbsp;Kunden&nbsp;verursacht&nbsp;werden.<br \/><\/span><\/p>\n<p><span class=\"wpaicg-chat-message\">6.Heilpraktiker-Gesetz<br \/><\/span>Wir weisen ausdr\u00fccklich darauf hin, dass die Thaimassage in Deutschland nicht als Therapie im Sinne des geltenden Heilpraktikergesetzes von 1939 anerkannt ist. Es werden keine Diagnosen gestellt, Symptome behandelt oder irgendwelche Heilversprechen abgegeben. Thaimassagen k\u00f6nnen bei Vorliegen einer Erkrankung weder verordnete Medikamente oder Therapien noch den Besuch bei einem Arzt oder Heilpraktiker ersetzen.Unsere Massagen sind reine Wellness-Anwendungen, die allein der allgemeinen Entspannung, dem Wohlbefinden und der Gesundheitspr\u00e4vention dienen. Sollten Kunden Krankheiten des Bewegungsapparates oder den inneren Organen haben oder vermuten, Haut- oder Herz-Kreislauf-Erkrankungen, k\u00fcrzlich erfolgte operative Eingriffe oder eine Schwangerschaft vorliegen, so sollte zun\u00e4chst durch einen Arzt gekl\u00e4rt werden, ob eine Thaimassage unter diesen Voraussetzungen als geeignete Ma\u00dfnahme oder gar als kontraindiziert zu betrachten ist.<br \/>Wir weisen ausdr\u00fccklich darauf hin, dass es sich bei s\u00e4mtlichen von Thai-Massage-Messkirch angebotenen Massagen nicht um Erotikmassagen handelt. Wir bitten deshalb, von solchen Anfragen komplett abzusehen. Sollten jedoch erotische Anspielungen gemacht werden, bricht die Masseurin die Massage sofort ab und der volle Preis ist zu entrichten.<\/p>\n<p><span class=\"wpaicg-chat-message\">7.Bezahlung &#8211; Preisliste<br \/>Die Bezahlung der Thai-Massage erfolgt entweder vor Ort oder im Voraus, je nach den vereinbarten Zahlungsbedingungen.<br \/><\/span>Es gilt immer die jeweils aktuellste Preisliste. Die vorher g\u00fcltige Preisliste verliert mit dem Erscheinen der neuen Preisliste ihre G\u00fcltigkeit.<\/p>\n<p>8. Gutscheine &#8211; G\u00fcltigkeit &#8211; Verj\u00e4hrung<br \/>Die regelm\u00e4\u00dfige Verj\u00e4hrungsfrist von Gutscheinen betr\u00e4gt 2 Jahre nach Ausstellungsdatum. <br \/>Auf jedem Gutschein wird das Ausstellungsdatum vermerkt. Im Falle einer Verj\u00e4hrung kann die Leistung verweigert werden. <br \/>F\u00fcr die Einl\u00f6sung eines Gutscheins ist eine Terminvereinbarung erforderlich und der Gutschein muss zum Termin vorgelegt werden. <br \/>Ein Gutschein kann nicht auf mehrere Anwendungen aufgeteilt werden. Je Behandlung kann nur eine Anwendungsart gew\u00e4hlt werden. <br \/>Der Gutschein kann nur in H\u00f6he des f\u00fcr den Gutschein bezahlten Betrags eingel\u00f6st werden und ausdr\u00fccklich nicht nach der auf dem Gutschein genannten Leistung. Es werden nur vollst\u00e4ndig bezahlte Gutscheine eingel\u00f6tst. <br \/>Eine Barauszahlung des Gutscheinwertes ist ausgeschlossen. Gutscheine sind in der Regel \u00fcbertragbar.<\/p>\n<p>9. Garderobe-Wertsachen<br \/>F\u00fcr Garderobe, Wertsachen, Geld u.\u00e4. sowie f\u00fcr alle mitgebrachten Gegenst\u00e4nde wird keine Haftung \u00fcbernommen.<\/p>\n<p>10. G\u00fcltigkeit<br \/>\u00c4nderungen an den Allgemeinen Gesch\u00e4ftsbedingungen beh\u00e4lt sich Thai-Massage-Messkirch ohne Vorank\u00fcndigung vor.<\/p>\n<p><span class=\"wpaicg-chat-message\"><br \/><\/span><span id=\"wpaicg-chat-message-60807\" class=\"wpaicg-chat-message\">Mit der Buchung einer Thai-Massage bei uns erkl\u00e4ren sich Kunden mit diesen Allgemeinen Gesch\u00e4ftsbedingungen einverstanden. <br \/>Vielen Dank f\u00fcr Ihr Vertrauen in unsere Dienstleistungen.<\/span><\/p>\n<\/div>\n<div class=\"wpaicg-chat-shortcode-type\"><\/div>\n<\/div>\n<div id=\"sp-p48hb5\" data-mobile-css=\"#sp-p48hb5|height:40px;\" data-tablet-css=\"#sp-p48hb5|height:10px;\" class=\"sp-spacer\" style=\"height: 60px;\"><\/div>\n<div id=\"sp-rto5sq\" data-mobile-css=\"#sp-rto5sq|height:40px;\" data-tablet-css=\"#sp-rto5sq|height:10px;\" class=\"sp-spacer\" style=\"height: 60px;\"><\/div>\n<div id=\"sp-taeu61\" data-mobile-css=\"#sp-taeu61|height:40px;\" data-tablet-css=\"#sp-taeu61|height:10px;\" class=\"sp-spacer\" style=\"height: 60px;\"><\/div>\n<div id=\"sp-b1vh3v\" data-mobile-css=\"#sp-b1vh3v|height:40px;\" data-tablet-css=\"#sp-b1vh3v|height:10px;\" class=\"sp-spacer\" style=\"height: 60px;\"><\/div>\n<div id=\"sp-pt41ix\" data-mobile-css=\"#sp-pt41ix|height:40px;\" data-tablet-css=\"#sp-pt41ix|height:10px;\" class=\"sp-spacer\" style=\"height: 60px;\"><\/div>\n<\/div>\n<\/div>\n<\/section>\n<\/div>\n","protected":false},"excerpt":{"rendered":"<p>Home Wer wir sind Anwendungen Preisliste Gutscheine Termin buchen Kontakt Wo wir sind \u00d6ffnungszeiten Allgemeine Gesch\u00e4ftsbedingungen&nbsp;Nassa\u00b4s Thai-Massage&nbsp;Nassa Rampe Die folgenden Allgemeinen Bedingungen sind Bestandteil aller Angebote, sowie von Vertr\u00e4gen \u00fcber den Verkauf von Gutscheinen. Alle von den hier genannten Allgemeinen Gesch\u00e4ftsbedingungen abweichende Vereinbarungen und Nebenabreden der Vertragsparteien bed\u00fcrfen der Schriftform. Entgegenstehende Gesch\u00e4ftsbedingungen des Kunden werden [&hellip;]<\/p>\n","protected":false},"author":1,"featured_media":0,"parent":0,"menu_order":0,"comment_status":"closed","ping_status":"closed","template":"","meta":{"footnotes":""},"class_list":["post-320","page","type-page","status-publish","hentry"],"_links":{"self":[{"href":"https:\/\/thai-massage-messkirch.de\/index.php?rest_route=\/wp\/v2\/pages\/320"}],"collection":[{"href":"https:\/\/thai-massage-messkirch.de\/index.php?rest_route=\/wp\/v2\/pages"}],"about":[{"href":"https:\/\/thai-massage-messkirch.de\/index.php?rest_route=\/wp\/v2\/types\/page"}],"author":[{"embeddable":true,"href":"https:\/\/thai-massage-messkirch.de\/index.php?rest_route=\/wp\/v2\/users\/1"}],"replies":[{"embeddable":true,"href":"https:\/\/thai-massage-messkirch.de\/index.php?rest_route=%2Fwp%2Fv2%2Fcomments&post=320"}],"version-history":[{"count":7,"href":"https:\/\/thai-massage-messkirch.de\/index.php?rest_route=\/wp\/v2\/pages\/320\/revisions"}],"predecessor-version":[{"id":430,"href":"https:\/\/thai-massage-messkirch.de\/index.php?rest_route=\/wp\/v2\/pages\/320\/revisions\/430"}],"wp:attachment":[{"href":"https:\/\/thai-massage-messkirch.de\/index.php?rest_route=%2Fwp%2Fv2%2Fmedia&parent=320"}],"curies":[{"name":"wp","href":"https:\/\/api.w.org\/{rel}","templated":true}]}}