{"id":204,"date":"2024-02-25T09:47:19","date_gmt":"2024-02-25T09:47:19","guid":{"rendered":"https:\/\/thai-massage-messkirch.de\/?page_id=68\/?page_id=204"},"modified":"2026-03-30T13:07:17","modified_gmt":"2026-03-30T11:07:17","slug":"impressum","status":"publish","type":"page","link":"https:\/\/thai-massage-messkirch.de\/?page_id=204","title":{"rendered":"Impressum"},"content":{"rendered":"<div id=\"sp-page\" class=\"spBgcover sp-content-1\" style=\"background-color: rgb(21, 68, 115); background-image: url('https:\/\/assets.seedprod.com\/4747-dCq1FXA2aO4c7KEQ.jpg'); font-family: Roboto, sans-serif; font-weight: 400;\">\n<section id=\"sp-ks8a8s\" data-mobile-visibility=\"#sp-ks8a8s|false\" data-tablet-visibility=\"#sp-ks8a8s|false\" data-desktop-visibility=\"#sp-ks8a8s|false\" data-mobile-css=\"\" data-tablet-css=\"\" class=\"sp-el-section  spBgcover\" style=\"background-color: rgb(155, 73, 173); width: 100%; max-width: 100%; padding: 10px; box-shadow: rgba(0, 0, 0, 0.1) 0px 1px 3px 0px, rgba(0, 0, 0, 0.6) 0px 1px 2px 0px;\">\n<div id=\"sp-aqge1t\" data-mobile-visibility=\"#sp-aqge1t|false\" data-tablet-visibility=\"#sp-aqge1t|false\" data-desktop-visibility=\"#sp-aqge1t|false\" data-mobile-css=\"\" data-tablet-css=\"\" class=\"sp-el-row sp-w-full  sp-m-auto sm:sp-flex sp-justify-between\">\n<div id=\"sp-a0lb3b\" data-mobile-visibility=\"#sp-a0lb3b|false\" data-tablet-visibility=\"#sp-a0lb3b|false\" data-desktop-visibility=\"#sp-a0lb3b|false\" data-mobile-css=\"\" data-tablet-css=\"\" class=\"sp-el-col  sp-w-full\" style=\"width: calc(100% + 0px);\">\n<figure id=\"sp-qkuhqn\" data-mobile-css=\"#sp-qkuhqn|text-align:center;\" data-tablet-css=\"#sp-qkuhqn|text-align:center;\" class=\"sp-image-wrapper sp-el-block\" style=\"margin: 0px; text-align: left;\">\n<div><span><img decoding=\"async\" src=\"\/\/thai-massage-messkirch.de\/wp-content\/uploads\/2024\/02\/Lotus-flower-logo-gradient.png\" alt=\"\" width=\"500\" height=\"500\" data-dynamic-tag=\"\" data-image-src=\"\" data-mobile-visibility=\".sp-image-block-qkuhqn|false\" data-tablet-visibility=\".sp-image-block-qkuhqn|false\" data-desktop-visibility=\".sp-image-block-qkuhqn|false\" srcset=\" \/\/thai-massage-messkirch.de\/wp-content\/uploads\/2024\/02\/Lotus-flower-logo-gradient-150x150.png 150w, \/\/thai-massage-messkirch.de\/wp-content\/uploads\/2024\/02\/Lotus-flower-logo-gradient-300x300.png 300w, \/\/thai-massage-messkirch.de\/wp-content\/uploads\/2024\/02\/Lotus-flower-logo-gradient.png 500w\" class=\"sp-image-block-qkuhqn custom-preview-class\" style=\"width: 170px;\"><\/span><\/div>\n<div id=\"sp-image-dynamic-tags-js-qkuhqn\"><script>jQuery(function() { image_dynamic_tags('qkuhqn' );});<\/script><\/div>\n<\/figure>\n<div id=\"sp-ubwmid\" data-mobile-css=\".sp-bulletlist-block-ubwmid, #sp-ubwmid|justify-content:flex-start;\" data-tablet-css=\".sp-bulletlist-block-ubwmid, #sp-ubwmid|justify-content:flex-start;\" data-mobile-visibility=\".sp-bulletlist-block-ubwmid|false\" data-tablet-visibility=\".sp-bulletlist-block-ubwmid|false\" data-desktop-visibility=\".sp-bulletlist-block-ubwmid|false\" class=\"sp-flex sp-css-target sp-el-block sp-bulletlist-block-template-0 sp-justify-start sp-bulletlist-block-ubwmid\" style=\"margin: 0px;\">\n<ul class=\"sp-bulletlist-wrapper sp-flex sp-flex-wrap sp-items-center\">\n<li data-mobile-css=\"#sp-ubwmid .sp-bullet-list-item-ubwmid-0|padding:0px 10px 0px 0px ;\" data-tablet-css=\"#sp-ubwmid .sp-bullet-list-item-ubwmid-0|padding:0px 10px 0px 0px ;\" class=\"sp-flex sp-items-center sp-bullet-list-item-ubwmid-0 sp-justify-start\" style=\"padding: 0px 10px 0px 0px;\"><span class=\"sp-icon-wrapper sp-mr-4\"><i class=\"fa-fw fa-lg fas fa-check\" style=\"width: 32px; line-height: 32px;\"><\/i><\/span><span><span style=\"color: #ffffff;\"><a style=\"color: #ffffff;\" href=\"..\/?page_id=68\">Home<\/a><\/span><\/span><\/li>\n<li data-mobile-css=\"#sp-ubwmid .sp-bullet-list-item-ubwmid-1|padding:0px 10px 0px 0px ;\" data-tablet-css=\"#sp-ubwmid .sp-bullet-list-item-ubwmid-1|padding:0px 10px 0px 0px ;\" class=\"sp-flex sp-items-center sp-bullet-list-item-ubwmid-1 sp-justify-start\" style=\"padding: 0px 10px 0px 0px;\"><span class=\"sp-icon-wrapper sp-mr-4\"><i class=\"fa-fw fa-lg fas fa-check\" style=\"width: 32px; line-height: 32px;\"><\/i><\/span><span><span style=\"color: #ffffff;\"><a style=\"color: #ffffff;\" href=\"..\/?page_id=114\">Wer wir sind<\/a><\/span><\/span><\/li>\n<li data-mobile-css=\"#sp-ubwmid .sp-bullet-list-item-ubwmid-2|padding:0px 10px 0px 0px ;\" data-tablet-css=\"#sp-ubwmid .sp-bullet-list-item-ubwmid-2|padding:0px 10px 0px 0px ;\" class=\"sp-flex sp-items-center sp-bullet-list-item-ubwmid-2 sp-justify-start\" style=\"padding: 0px 10px 0px 0px;\"><span class=\"sp-icon-wrapper sp-mr-4\"><i class=\"fa-fw fa-lg fas fa-check\" style=\"width: 32px; line-height: 32px;\"><\/i><\/span><span><span style=\"color: #ffffff;\"><a style=\"color: #ffffff;\" href=\"..\/?page_id=74\" data-wplink-edit=\"true\">Anwendungen<\/a><\/span><\/span><\/li>\n<li data-mobile-css=\"#sp-ubwmid .sp-bullet-list-item-ubwmid-3|padding:0px 10px 0px 0px ;\" data-tablet-css=\"#sp-ubwmid .sp-bullet-list-item-ubwmid-3|padding:0px 10px 0px 0px ;\" class=\"sp-flex sp-items-center sp-bullet-list-item-ubwmid-3 sp-justify-start\" style=\"padding: 0px 10px 0px 0px;\"><span class=\"sp-icon-wrapper sp-mr-4\"><i class=\"fa-fw fa-lg fas fa-check\" style=\"width: 32px; line-height: 32px;\"><\/i><\/span><span><span style=\"color: #ffffff;\"><a style=\"color: #ffffff;\" href=\"..\/?page_id=118\">Preisliste<\/a><\/span><\/span><\/li>\n<li data-mobile-css=\"#sp-ubwmid .sp-bullet-list-item-ubwmid-4|padding:0px 10px 0px 0px ;\" data-tablet-css=\"#sp-ubwmid .sp-bullet-list-item-ubwmid-4|padding:0px 10px 0px 0px ;\" class=\"sp-flex sp-items-center sp-bullet-list-item-ubwmid-4 sp-justify-start\" style=\"padding: 0px 10px 0px 0px;\"><span class=\"sp-icon-wrapper sp-mr-4\"><i class=\"fa-fw fa-lg fas fa-check\" style=\"width: 32px; line-height: 32px;\"><\/i><\/span><span><span style=\"color: #ffffff;\"><a style=\"color: #ffffff;\" href=\"..\/?page_id=120\">Gutscheine<\/a><\/span><\/span><\/li>\n<li data-mobile-css=\"#sp-ubwmid .sp-bullet-list-item-ubwmid-5|padding:0px 10px 0px 0px ;\" data-tablet-css=\"#sp-ubwmid .sp-bullet-list-item-ubwmid-5|padding:0px 10px 0px 0px ;\" class=\"sp-flex sp-items-center sp-bullet-list-item-ubwmid-5 sp-justify-start\" style=\"padding: 0px 10px 0px 0px;\"><span class=\"sp-icon-wrapper sp-mr-4\"><i class=\"fa-fw fa-lg fas fa-check\" style=\"width: 32px; line-height: 32px;\"><\/i><\/span><span><span style=\"color: #ffffff;\"><a style=\"color: #ffffff;\" href=\"..\/?page_id=122\">Termin buchen<\/a><\/span><\/span><\/li>\n<li data-mobile-css=\"#sp-ubwmid .sp-bullet-list-item-ubwmid-6|padding:0px 10px 0px 0px ;\" data-tablet-css=\"#sp-ubwmid .sp-bullet-list-item-ubwmid-6|padding:0px 10px 0px 0px ;\" class=\"sp-flex sp-items-center sp-bullet-list-item-ubwmid-6 sp-justify-start\" style=\"padding: 0px 10px 0px 0px;\"><span class=\"sp-icon-wrapper sp-mr-4\"><i class=\"fa-fw fa-lg fas fa-check\" style=\"width: 32px; line-height: 32px;\"><\/i><\/span><span><span style=\"color: #ffffff;\"><a style=\"color: #ffffff;\" href=\"..\/?page_id=127\">Kontakt<\/a><\/span><\/span><\/li>\n<li data-mobile-css=\"#sp-ubwmid .sp-bullet-list-item-ubwmid-7|padding:0px 10px 0px 0px ;\" data-tablet-css=\"#sp-ubwmid .sp-bullet-list-item-ubwmid-7|padding:0px 10px 0px 0px ;\" class=\"sp-flex sp-items-center sp-bullet-list-item-ubwmid-7 sp-justify-start\" style=\"padding: 0px 10px 0px 0px;\"><span class=\"sp-icon-wrapper sp-mr-4\"><i class=\"fa-fw fa-lg fas fa-check\" style=\"width: 32px; line-height: 32px;\"><\/i><\/span><span><span style=\"color: #ffffff;\"><a style=\"color: #ffffff;\" href=\"..\/?page_id=124\">Wo wir sind<\/a><\/span><\/span><\/li>\n<li data-mobile-css=\"\" data-tablet-css=\"\" class=\"sp-flex sp-items-center sp-bullet-list-item-ubwmid-8 sp-justify-start\"><span class=\"sp-icon-wrapper sp-mr-4\"><i class=\"fa-fw fa-lg fas fa-check\" style=\"width: 32px; line-height: 32px;\"><\/i><\/span><span><span style=\"color: #ffffff;\"><a style=\"color: #ffffff;\" href=\"..\/?page_id=129\">\u00d6ffnungszeiten<\/a><\/span><\/span><\/li>\n<\/ul>\n<\/div>\n<div id=\"sp-p4gmsq\" data-mobile-css=\"#sp-p4gmsq|height:40px;\" data-tablet-css=\"#sp-p4gmsq|height:10px;\" class=\"sp-spacer\" style=\"height: 60px;\"><\/div>\n<div id=\"sp-d66gcv\" data-mobile-css=\".sp-text-wrapper-d66gcv, #sp-d66gcv, #d66gcv|text-align:left;\" data-tablet-css=\".sp-text-wrapper-d66gcv, #sp-d66gcv, #d66gcv|text-align:left;\" data-mobile-visibility=\".sp-text-wrapper-d66gcv|false\" data-tablet-visibility=\".sp-text-wrapper-d66gcv|false\" data-desktop-visibility=\".sp-text-wrapper-d66gcv|false\" class=\"sp-css-target sp-text-wrapper sp-el-block sp-text-block-style sp-text-wrapper-d66gcv\" style=\"color: rgb(255, 255, 255); padding: 0px; margin: 0px; text-align: left;\">\n<p><strong>Angaben gem\u00e4\u00df \u00a7 5 TMG<\/strong><\/p>\n<p>Nassa`s Thai-Massage<br \/>Nassa Rampe<br \/>Ziegelb\u00fchlstra\u00dfe 1<br \/>88605 Me\u00dfkirch<\/p>\n<p><strong>Kontakt<\/strong><\/p>\n<p>Telefon: +49 (0) 1525 620 9068<\/p>\n<p>E-Mail: info@thai-massage-messkirch.de<\/p>\n<p>Steuernummer: 85370\/54012<\/p>\n<p>Gewerbeanmeldung: Stadt Me\u00dfkirch<strong><\/p>\n<p><\/strong><strong>Angaben zur Berufshaftpflichtversicherung<\/strong><\/p>\n<p><strong>Name und Sitz des Versicherers:<\/strong><\/p>\n<p>andsafe AG<\/p>\n<p>Provinzial-Allee 1, 48159 M\u00fcnster &nbsp; &nbsp; &nbsp; &nbsp; &nbsp; &nbsp; &nbsp; &nbsp; &nbsp; &nbsp; &nbsp; &nbsp; &nbsp; &nbsp; &nbsp; &nbsp; &nbsp; &nbsp; &nbsp; &nbsp; &nbsp; &nbsp; &nbsp; &nbsp; &nbsp; &nbsp; &nbsp; &nbsp; &nbsp; &nbsp; &nbsp; &nbsp; &nbsp; &nbsp; &nbsp; &nbsp;<\/p>\n<p><strong>Geltungsraum der Versicherung:<\/strong><\/p>\n<p>Deutschland<\/p>\n<p>Redaktionell verantwortlich<\/p>\n<p>Nassa Rampe<\/p>\n<p>Heinrich-Hertz-Weg 10<\/p>\n<p>88605 Me\u00dfkirch<\/p>\n<p><strong>EU-Streitschlichtung<\/strong><\/p>\n<p>Die Europ\u00e4ische Kommission stellt eine Plattform zur Online-Streitbeilegung (OS) bereit:<\/p>\n<p>https:\/\/ec.europa.eu\/consumers\/odr\/.<\/p>\n<p>Unsere E-Mail-Adresse finden Sie oben im Impressum.<\/p>\n<p><strong>Verbraucherstreitbeilegung\/Universalschlichtungsstelle<\/strong><\/p>\n<p>Wir sind nicht bereit oder verpflichtet, an Streitbeilegungsverfahren vor einer<\/p>\n<p>Verbraucherschlichtungsstelle teilzunehmen.<\/p>\n<p>Quelle: eRecht24<\/p>\n<\/div>\n<div id=\"sp-p48hb5\" data-mobile-css=\"#sp-p48hb5|height:40px;\" data-tablet-css=\"#sp-p48hb5|height:10px;\" class=\"sp-spacer\" style=\"height: 60px;\"><\/div>\n<div id=\"sp-rto5sq\" data-mobile-css=\"#sp-rto5sq|height:40px;\" data-tablet-css=\"#sp-rto5sq|height:10px;\" class=\"sp-spacer\" style=\"height: 60px;\"><\/div>\n<div id=\"sp-taeu61\" data-mobile-css=\"#sp-taeu61|height:40px;\" data-tablet-css=\"#sp-taeu61|height:10px;\" class=\"sp-spacer\" style=\"height: 60px;\"><\/div>\n<div id=\"sp-b1vh3v\" data-mobile-css=\"#sp-b1vh3v|height:40px;\" data-tablet-css=\"#sp-b1vh3v|height:10px;\" class=\"sp-spacer\" style=\"height: 60px;\"><\/div>\n<div id=\"sp-pt41ix\" data-mobile-css=\"#sp-pt41ix|height:40px;\" data-tablet-css=\"#sp-pt41ix|height:10px;\" class=\"sp-spacer\" style=\"height: 60px;\"><\/div>\n<\/div>\n<\/div>\n<\/section>\n<\/div>\n","protected":false},"excerpt":{"rendered":"<p>Home Wer wir sind Anwendungen Preisliste Gutscheine Termin buchen Kontakt Wo wir sind \u00d6ffnungszeiten Angaben gem\u00e4\u00df \u00a7 5 TMG Nassa`s Thai-MassageNassa RampeZiegelb\u00fchlstra\u00dfe 188605 Me\u00dfkirch Kontakt Telefon: +49 (0) 1525 620 9068 E-Mail: info@thai-massage-messkirch.de Steuernummer: 85370\/54012 Gewerbeanmeldung: Stadt Me\u00dfkirch Angaben zur Berufshaftpflichtversicherung Name und Sitz des Versicherers: andsafe AG Provinzial-Allee 1, 48159 M\u00fcnster &nbsp; &nbsp; &nbsp; [&hellip;]<\/p>\n","protected":false},"author":1,"featured_media":0,"parent":0,"menu_order":0,"comment_status":"closed","ping_status":"closed","template":"","meta":{"footnotes":""},"class_list":["post-204","page","type-page","status-publish","hentry"],"_links":{"self":[{"href":"https:\/\/thai-massage-messkirch.de\/index.php?rest_route=\/wp\/v2\/pages\/204"}],"collection":[{"href":"https:\/\/thai-massage-messkirch.de\/index.php?rest_route=\/wp\/v2\/pages"}],"about":[{"href":"https:\/\/thai-massage-messkirch.de\/index.php?rest_route=\/wp\/v2\/types\/page"}],"author":[{"embeddable":true,"href":"https:\/\/thai-massage-messkirch.de\/index.php?rest_route=\/wp\/v2\/users\/1"}],"replies":[{"embeddable":true,"href":"https:\/\/thai-massage-messkirch.de\/index.php?rest_route=%2Fwp%2Fv2%2Fcomments&post=204"}],"version-history":[{"count":13,"href":"https:\/\/thai-massage-messkirch.de\/index.php?rest_route=\/wp\/v2\/pages\/204\/revisions"}],"predecessor-version":[{"id":593,"href":"https:\/\/thai-massage-messkirch.de\/index.php?rest_route=\/wp\/v2\/pages\/204\/revisions\/593"}],"wp:attachment":[{"href":"https:\/\/thai-massage-messkirch.de\/index.php?rest_route=%2Fwp%2Fv2%2Fmedia&parent=204"}],"curies":[{"name":"wp","href":"https:\/\/api.w.org\/{rel}","templated":true}]}}