{"id":146,"date":"2024-02-18T19:47:14","date_gmt":"2024-02-18T19:47:14","guid":{"rendered":"https:\/\/thai-massage-messkirch.de\/?page_id=68\/?page_id=146"},"modified":"2024-04-28T13:29:26","modified_gmt":"2024-04-28T13:29:26","slug":"kopf-massage","status":"publish","type":"page","link":"https:\/\/thai-massage-messkirch.de\/?page_id=146","title":{"rendered":"Kopf-Massage"},"content":{"rendered":"<div id=\"sp-page\" class=\"spBgcover sp-content-1\" style=\"background-color: rgb(21, 68, 115); background-image: url('https:\/\/assets.seedprod.com\/4747-dCq1FXA2aO4c7KEQ.jpg'); font-family: Roboto, sans-serif; font-weight: 400;\">\n<section id=\"sp-ks8a8s\" data-mobile-visibility=\"#sp-ks8a8s|false\" data-tablet-visibility=\"#sp-ks8a8s|false\" data-desktop-visibility=\"#sp-ks8a8s|false\" data-mobile-css=\"\" data-tablet-css=\"\" class=\"sp-el-section  spBgcover\" style=\"background-image: linear-gradient(0deg, rgba(204, 204, 204, 0.3), rgba(204, 204, 204, 0.3)), url('https:\/\/thai-massage-messkirch.de\/wp-content\/uploads\/2024\/02\/Kopfmassage-scaled.jpeg'); width: 100%; max-width: 100%; padding: 10px;\">\n<div id=\"sp-aqge1t\" data-mobile-visibility=\"#sp-aqge1t|false\" data-tablet-visibility=\"#sp-aqge1t|false\" data-desktop-visibility=\"#sp-aqge1t|false\" data-mobile-css=\"\" data-tablet-css=\"\" class=\"sp-el-row sm:sp-flex sp-w-full  sp-m-auto sp-justify-between\">\n<div id=\"sp-a0lb3b\" data-mobile-visibility=\"#sp-a0lb3b|false\" data-tablet-visibility=\"#sp-a0lb3b|false\" data-desktop-visibility=\"#sp-a0lb3b|false\" data-mobile-css=\"\" data-tablet-css=\"\" class=\"sp-el-col  sp-w-full\" style=\"width: calc(100% + 0px);\">\n<figure id=\"sp-qkuhqn\" data-mobile-css=\"#sp-qkuhqn|text-align:center;\" data-tablet-css=\"#sp-qkuhqn|text-align:center;\" class=\"sp-image-wrapper sp-el-block\" style=\"margin: 0px; text-align: left;\">\n<div><span><img decoding=\"async\" src=\"\/\/thai-massage-messkirch.de\/wp-content\/uploads\/2024\/02\/Lotus-flower-logo-gradient.png\" alt=\"\" width=\"500\" height=\"500\" data-mobile-visibility=\".sp-image-block-qkuhqn|false\" data-tablet-visibility=\".sp-image-block-qkuhqn|false\" data-desktop-visibility=\".sp-image-block-qkuhqn|false\" srcset=\" \/\/thai-massage-messkirch.de\/wp-content\/uploads\/2024\/02\/Lotus-flower-logo-gradient-150x150.png 150w, \/\/thai-massage-messkirch.de\/wp-content\/uploads\/2024\/02\/Lotus-flower-logo-gradient-300x300.png 300w, \/\/thai-massage-messkirch.de\/wp-content\/uploads\/2024\/02\/Lotus-flower-logo-gradient.png 500w\" class=\"sp-image-block-qkuhqn\" style=\"width: 170px;\"><\/span><\/div>\n<\/figure>\n<div id=\"sp-s47om4\" data-mobile-css=\".sp-bulletlist-block-s47om4, #sp-s47om4|justify-content:flex-start;\" data-tablet-css=\".sp-bulletlist-block-s47om4, #sp-s47om4|justify-content:flex-start;\" data-mobile-visibility=\".sp-bulletlist-block-s47om4|false\" data-tablet-visibility=\".sp-bulletlist-block-s47om4|false\" data-desktop-visibility=\".sp-bulletlist-block-s47om4|false\" class=\"sp-flex sp-css-target sp-el-block sp-bulletlist-block-template-0 sp-justify-start sp-bulletlist-block-s47om4\" style=\"margin: 0px;\">\n<ul class=\"sp-bulletlist-wrapper sp-flex sp-flex-wrap sp-items-center\">\n<li data-mobile-css=\"#sp-s47om4 .sp-bullet-list-item-s47om4-0|padding:0px 10px 0px 0px ;\" data-tablet-css=\"#sp-s47om4 .sp-bullet-list-item-s47om4-0|padding:0px 10px 0px 0px ;\" class=\"sp-flex sp-items-center sp-bullet-list-item-s47om4-0 sp-justify-start\" style=\"padding: 0px 10px 0px 0px;\"><span class=\"sp-icon-wrapper sp-mr-4\"><i class=\"fa-fw fa-lg fas fa-check\" style=\"width: 32px; line-height: 32px;\"><\/i><\/span><span><span style=\"color: #ffffff;\"><a style=\"color: #ffffff;\" href=\"..\/?page_id=68\">Home<\/a><\/span><\/span><\/li>\n<li data-mobile-css=\"#sp-s47om4 .sp-bullet-list-item-s47om4-1|padding:0px 10px 0px 0px ;\" data-tablet-css=\"#sp-s47om4 .sp-bullet-list-item-s47om4-1|padding:0px 10px 0px 0px ;\" class=\"sp-flex sp-items-center sp-bullet-list-item-s47om4-1 sp-justify-start\" style=\"padding: 0px 10px 0px 0px;\"><span class=\"sp-icon-wrapper sp-mr-4\"><i class=\"fa-fw fa-lg fas fa-check\" style=\"width: 32px; line-height: 32px;\"><\/i><\/span><span><span style=\"color: #ffffff;\"><a style=\"color: #ffffff;\" href=\"..\/?page_id=114\">Wer wir sind<\/a><\/span><\/span><\/li>\n<li data-mobile-css=\"#sp-s47om4 .sp-bullet-list-item-s47om4-2|padding:0px 10px 0px 0px ;\" data-tablet-css=\"#sp-s47om4 .sp-bullet-list-item-s47om4-2|padding:0px 10px 0px 0px ;\" class=\"sp-flex sp-items-center sp-bullet-list-item-s47om4-2 sp-justify-start\" style=\"padding: 0px 10px 0px 0px;\"><span class=\"sp-icon-wrapper sp-mr-4\"><i class=\"fa-fw fa-lg fas fa-check\" style=\"width: 32px; line-height: 32px;\"><\/i><\/span><span><span style=\"color: #ffffff;\"><a style=\"color: #ffffff;\" href=\"..\/?page_id=74\" data-wplink-edit=\"true\">Anwendungen<\/a><\/span><\/span><\/li>\n<li data-mobile-css=\"#sp-s47om4 .sp-bullet-list-item-s47om4-3|padding:0px 10px 0px 0px ;\" data-tablet-css=\"#sp-s47om4 .sp-bullet-list-item-s47om4-3|padding:0px 10px 0px 0px ;\" class=\"sp-flex sp-items-center sp-bullet-list-item-s47om4-3 sp-justify-start\" style=\"padding: 0px 10px 0px 0px;\"><span class=\"sp-icon-wrapper sp-mr-4\"><i class=\"fa-fw fa-lg fas fa-check\" style=\"width: 32px; line-height: 32px;\"><\/i><\/span><span><span style=\"color: #ffffff;\"><a style=\"color: #ffffff;\" href=\"..\/?page_id=118\">Preisliste<\/a><\/span><\/span><\/li>\n<li data-mobile-css=\"#sp-s47om4 .sp-bullet-list-item-s47om4-4|padding:0px 10px 0px 0px ;\" data-tablet-css=\"#sp-s47om4 .sp-bullet-list-item-s47om4-4|padding:0px 10px 0px 0px ;\" class=\"sp-flex sp-items-center sp-bullet-list-item-s47om4-4 sp-justify-start\" style=\"padding: 0px 10px 0px 0px;\"><span class=\"sp-icon-wrapper sp-mr-4\"><i class=\"fa-fw fa-lg fas fa-check\" style=\"width: 32px; line-height: 32px;\"><\/i><\/span><span><span style=\"color: #ffffff;\"><a style=\"color: #ffffff;\" href=\"..\/?page_id=120\">Gutscheine<\/a><\/span><\/span><\/li>\n<li data-mobile-css=\"#sp-s47om4 .sp-bullet-list-item-s47om4-5|padding:0px 10px 0px 0px ;\" data-tablet-css=\"#sp-s47om4 .sp-bullet-list-item-s47om4-5|padding:0px 10px 0px 0px ;\" class=\"sp-flex sp-items-center sp-bullet-list-item-s47om4-5 sp-justify-start\" style=\"padding: 0px 10px 0px 0px;\"><span class=\"sp-icon-wrapper sp-mr-4\"><i class=\"fa-fw fa-lg fas fa-check\" style=\"width: 32px; line-height: 32px;\"><\/i><\/span><span><span style=\"color: #ffffff;\"><a style=\"color: #ffffff;\" href=\"..\/?page_id=122\">Termin buchen<\/a><\/span><\/span><\/li>\n<li data-mobile-css=\"#sp-s47om4 .sp-bullet-list-item-s47om4-6|padding:0px 10px 0px 0px ;\" data-tablet-css=\"#sp-s47om4 .sp-bullet-list-item-s47om4-6|padding:0px 10px 0px 0px ;\" class=\"sp-flex sp-items-center sp-bullet-list-item-s47om4-6 sp-justify-start\" style=\"padding: 0px 10px 0px 0px;\"><span class=\"sp-icon-wrapper sp-mr-4\"><i class=\"fa-fw fa-lg fas fa-check\" style=\"width: 32px; line-height: 32px;\"><\/i><\/span><span><span style=\"color: #ffffff;\"><a style=\"color: #ffffff;\" href=\"..\/?page_id=127\">Kontakt<\/a><\/span><\/span><\/li>\n<li data-mobile-css=\"#sp-s47om4 .sp-bullet-list-item-s47om4-7|padding:0px 10px 0px 0px ;\" data-tablet-css=\"#sp-s47om4 .sp-bullet-list-item-s47om4-7|padding:0px 10px 0px 0px ;\" class=\"sp-flex sp-items-center sp-bullet-list-item-s47om4-7 sp-justify-start\" style=\"padding: 0px 10px 0px 0px;\"><span class=\"sp-icon-wrapper sp-mr-4\"><i class=\"fa-fw fa-lg fas fa-check\" style=\"width: 32px; line-height: 32px;\"><\/i><\/span><span><span style=\"color: #ffffff;\"><a style=\"color: #ffffff;\" href=\"..\/?page_id=124\">Wo wir sind<\/a><\/span><\/span><\/li>\n<li data-mobile-css=\"\" data-tablet-css=\"\" class=\"sp-flex sp-items-center sp-bullet-list-item-s47om4-8 sp-justify-start\"><span class=\"sp-icon-wrapper sp-mr-4\"><i class=\"fa-fw fa-lg fas fa-check\" style=\"width: 32px; line-height: 32px;\"><\/i><\/span><span><span style=\"color: #ffffff;\"><a style=\"color: #ffffff;\" href=\"..\/?page_id=129\">\u00d6ffnungszeiten<\/a><\/span><\/span><\/li>\n<\/ul>\n<\/div>\n<div id=\"sp-p4gmsq\" data-mobile-css=\"#sp-p4gmsq|height:40px;\" data-tablet-css=\"#sp-p4gmsq|height:10px;\" class=\"sp-spacer\" style=\"height: 60px;\"><\/div>\n<div id=\"d66gcv\" data-mobile-css=\".sp-text-wrapper-d66gcv, #sp-d66gcv, #d66gcv|text-align:left;\" data-tablet-css=\".sp-text-wrapper-d66gcv, #sp-d66gcv, #d66gcv|text-align:left;\" data-mobile-visibility=\".sp-text-wrapper-d66gcv|false\" data-tablet-visibility=\".sp-text-wrapper-d66gcv|false\" data-desktop-visibility=\".sp-text-wrapper-d66gcv|false\" class=\"sp-css-target sp-text-wrapper sp-el-block sp-text-block-style sp-text-wrapper-d66gcv mce-content-body html4-captions\"  style=\"color: rgb(255, 255, 255); padding: 0px; margin: 0px; text-align: left; position: relative;\" >\n<p style=\"line-height: 16.8pt; margin: 0cm 0cm 15pt; text-align: center;\" data-mce-style=\"line-height: 16.8pt; margin: 0cm 0cm 15pt; text-align: center;\"><span style=\"font-size: 13.5pt; font-family: Arial, 'sans-serif'; color: #800080; background-color: #e4daed;\" data-mce-style=\"font-size: 13.5pt; font-family: Arial, 'sans-serif'; color: #800080; background-color: #e4daed;\">Die thail\u00e4ndische Kopfmassage, auch bekannt als Nuad Plakpan oder Nuad Hin Sida, ist eine traditionelle thail\u00e4ndische Massage-Technik, die darauf abzielt, Spannungen im Kopf, Hals und Schulterbereich zu l\u00f6sen. Sie basiert auf den Prinzipien der traditionellen thail\u00e4ndischen Medizin und der Ayurveda-Lehre.<\/span><\/p>\n<p style=\"line-height: 16.8pt; margin: 0cm 0cm 15pt; text-align: center;\" data-mce-style=\"line-height: 16.8pt; margin: 0cm 0cm 15pt; text-align: center;\"><span style=\"font-size: 13.5pt; font-family: Arial, 'sans-serif'; color: #800080; background-color: #e4daed;\" data-mce-style=\"font-size: 13.5pt; font-family: Arial, 'sans-serif'; color: #800080; background-color: #e4daed;\">Die Behandlung erfolgt normalerweise in sitzender Position und beinhaltet sanfte Druckpunktmassage, Dehnung und Streichbewegungen. Der Masseur oder die Masseurin verwendet dabei die H\u00e4nde, Finger, Handfl\u00e4chen und Daumen, um die Kopfhaut, den Hals und die Schultern zu massieren. Oftmals wird auch duftendes \u00d6l verwendet, um die Entspannung zu f\u00f6rdern.<\/span><\/p>\n<p style=\"line-height: 16.8pt; margin: 0cm 0cm 15pt; text-align: center;\" data-mce-style=\"line-height: 16.8pt; margin: 0cm 0cm 15pt; text-align: center;\"><span style=\"font-size: 13.5pt; font-family: Arial, 'sans-serif'; color: #800080; background-color: #e4daed;\" data-mce-style=\"font-size: 13.5pt; font-family: Arial, 'sans-serif'; color: #800080; background-color: #e4daed;\">Die thail\u00e4ndische Kopfmassage hat eine Vielzahl von Vorteilen. Sie kann Stress und Angstzust\u00e4nde reduzieren, die Durchblutung und den Energiefluss im K\u00f6rper verbessern, Kopfschmerzen lindern, die Konzentration und das Ged\u00e4chtnis verbessern und eine allgemeine Entspannung des K\u00f6rpers und des Geistes f\u00f6rdern.<\/span><\/p>\n<p style=\"line-height: 16.8pt; margin: 0cm 0cm 15pt; text-align: center;\" data-mce-style=\"line-height: 16.8pt; margin: 0cm 0cm 15pt; text-align: center;\"><span style=\"font-size: 13.5pt; font-family: Arial, 'sans-serif'; color: #800080; background-color: #e4daed;\" data-mce-style=\"font-size: 13.5pt; font-family: Arial, 'sans-serif'; color: #800080; background-color: #e4daed;\">Die Behandlungsdauer kann variieren, normalerweise dauert eine Kopfmassage zwischen 30 und 60 Minuten. Es ist wichtig, dass die Massage von einem qualifizierten Masseur oder einer qualifizierten Masseurin durchgef\u00fchrt wird, um maximale Wirkung und Sicherheit zu gew\u00e4hrleisten.<\/span><\/p>\n<p style=\"line-height: 16.8pt; margin: 0cm 0cm 15pt; text-align: center;\" data-mce-style=\"line-height: 16.8pt; margin: 0cm 0cm 15pt; text-align: center;\"><span style=\"font-size: 13.5pt; font-family: Arial, 'sans-serif'; color: #800080; background-color: #e4daed;\" data-mce-style=\"font-size: 13.5pt; font-family: Arial, 'sans-serif'; color: #800080; background-color: #e4daed;\">Die thail\u00e4ndische Kopfmassage ist eine beliebte Behandlungsmethode in Wellness-Zentren und Spa`s auf der ganzen Welt. Sie wird oft als Teil einer Ganzk\u00f6rpermassage oder als eigenst\u00e4ndige Behandlung angeboten.<\/span><\/p>\n<\/div>\n<div id=\"sp-p48hb5\" data-mobile-css=\"#sp-p48hb5|height:40px;\" data-tablet-css=\"#sp-p48hb5|height:10px;\" class=\"sp-spacer\" style=\"height: 60px;\"><\/div>\n<div id=\"sp-button-parent-n608ms\" data-mobile-css=\"#sp-button-parent-n608ms|text-align:center;\" data-tablet-css=\"#sp-button-parent-n608ms|text-align:center;\" class=\"sp-button-wrapper sp-el-block animated bounce aniIn_bounce ani_bounce\" style=\"margin: 0px; text-align: left;\"><a href=\"https:\/\/app.agendize.com\/book\/1017067276659929\" id=\"sp-n608ms\" data-mobile-css=\"\" data-tablet-css=\"\" data-mobile-visibility=\".sp-button-n608ms|false\" data-tablet-visibility=\".sp-button-n608ms|false\" data-desktop-visibility=\".sp-button-n608ms|false\" target=\"\" rel=\"noopener\" class=\"sp-button sp-css-target sp-text-center sp-inline-block sp-leading-none sp-button-n608ms\" style=\"font-size: 22px; background: rgb(118, 22, 104); color: rgb(255, 255, 255); width: auto; padding: 16px 20px; border-radius: 4px; border-bottom: 3px solid rgb(75, 14, 66);\"><span><span style=\"color: #ffcc00;\">Termin buchen<\/span><\/span><\/a><\/div>\n<div id=\"sp-rto5sq\" data-mobile-css=\"#sp-rto5sq|height:40px;\" data-tablet-css=\"#sp-rto5sq|height:10px;\" class=\"sp-spacer\" style=\"height: 60px;\"><\/div>\n<div id=\"sp-tblhd4\" data-mobile-css=\".sp-text-wrapper-tblhd4, #sp-tblhd4, #tblhd4|text-align:left;\" data-tablet-css=\".sp-text-wrapper-tblhd4, #sp-tblhd4, #tblhd4|text-align:left;\" data-mobile-visibility=\".sp-text-wrapper-tblhd4|false\" data-tablet-visibility=\".sp-text-wrapper-tblhd4|false\" data-desktop-visibility=\".sp-text-wrapper-tblhd4|false\" class=\"sp-css-target sp-text-wrapper sp-el-block sp-text-block-style sp-text-wrapper-tblhd4\" style=\"margin: 0px; text-align: left;\">\n<p style=\"text-align: right;\"><span style=\"color: #000000;\"><a style=\"color: #000000;\" href=\"https:\/\/stock.adobe.com\/\">Bild-Quelle<\/a><\/span><\/p>\n<\/div>\n<div id=\"sp-taeu61\" data-mobile-css=\"#sp-taeu61|height:40px;\" data-tablet-css=\"#sp-taeu61|height:10px;\" class=\"sp-spacer\" style=\"height: 60px;\"><\/div>\n<div id=\"sp-b1vh3v\" data-mobile-css=\"#sp-b1vh3v|height:40px;\" data-tablet-css=\"#sp-b1vh3v|height:10px;\" class=\"sp-spacer\" style=\"height: 60px;\"><\/div>\n<div id=\"sp-pt41ix\" data-mobile-css=\"#sp-pt41ix|height:40px;\" data-tablet-css=\"#sp-pt41ix|height:10px;\" class=\"sp-spacer\" style=\"height: 60px;\"><\/div>\n<\/div>\n<\/div>\n<\/section>\n<\/div>\n","protected":false},"excerpt":{"rendered":"<p>Home Wer wir sind Anwendungen Preisliste Gutscheine Termin buchen Kontakt Wo wir sind \u00d6ffnungszeiten Die thail\u00e4ndische Kopfmassage, auch bekannt als Nuad Plakpan oder Nuad Hin Sida, ist eine traditionelle thail\u00e4ndische Massage-Technik, die darauf abzielt, Spannungen im Kopf, Hals und Schulterbereich zu l\u00f6sen. Sie basiert auf den Prinzipien der traditionellen thail\u00e4ndischen Medizin und der Ayurveda-Lehre. Die [&hellip;]<\/p>\n","protected":false},"author":1,"featured_media":0,"parent":0,"menu_order":0,"comment_status":"closed","ping_status":"closed","template":"","meta":{"footnotes":""},"class_list":["post-146","page","type-page","status-publish","hentry"],"_links":{"self":[{"href":"https:\/\/thai-massage-messkirch.de\/index.php?rest_route=\/wp\/v2\/pages\/146"}],"collection":[{"href":"https:\/\/thai-massage-messkirch.de\/index.php?rest_route=\/wp\/v2\/pages"}],"about":[{"href":"https:\/\/thai-massage-messkirch.de\/index.php?rest_route=\/wp\/v2\/types\/page"}],"author":[{"embeddable":true,"href":"https:\/\/thai-massage-messkirch.de\/index.php?rest_route=\/wp\/v2\/users\/1"}],"replies":[{"embeddable":true,"href":"https:\/\/thai-massage-messkirch.de\/index.php?rest_route=%2Fwp%2Fv2%2Fcomments&post=146"}],"version-history":[{"count":14,"href":"https:\/\/thai-massage-messkirch.de\/index.php?rest_route=\/wp\/v2\/pages\/146\/revisions"}],"predecessor-version":[{"id":394,"href":"https:\/\/thai-massage-messkirch.de\/index.php?rest_route=\/wp\/v2\/pages\/146\/revisions\/394"}],"wp:attachment":[{"href":"https:\/\/thai-massage-messkirch.de\/index.php?rest_route=%2Fwp%2Fv2%2Fmedia&parent=146"}],"curies":[{"name":"wp","href":"https:\/\/api.w.org\/{rel}","templated":true}]}}