{"id":127,"date":"2024-02-18T19:19:27","date_gmt":"2024-02-18T19:19:27","guid":{"rendered":"https:\/\/thai-massage-messkirch.de\/?page_id=68\/?page_id=127"},"modified":"2025-02-26T08:37:41","modified_gmt":"2025-02-26T08:37:41","slug":"kontakt-2","status":"publish","type":"page","link":"https:\/\/thai-massage-messkirch.de\/?page_id=127","title":{"rendered":"Kontakt"},"content":{"rendered":"<div id=\"sp-page\" class=\"spBgcover sp-content-1\" style=\"background-color: rgb(21, 68, 115); background-image: url('https:\/\/assets.seedprod.com\/4747-dCq1FXA2aO4c7KEQ.jpg'); font-family: Roboto, sans-serif; font-weight: 400;\">\n<section id=\"sp-ks8a8s\" data-mobile-visibility=\"#sp-ks8a8s|false\" data-tablet-visibility=\"#sp-ks8a8s|false\" data-desktop-visibility=\"#sp-ks8a8s|false\" data-mobile-css=\"\" data-tablet-css=\"\" class=\"sp-el-section  spBgcover\" style=\"background-image: linear-gradient(0deg, rgba(0, 0, 0, 0), rgba(0, 0, 0, 0)), url('\/\/thai-massage-messkirch.de\/wp-content\/uploads\/2024\/02\/Budda_klein-scaled.jpeg'); width: 100%; max-width: 100%; padding: 10px;\">\n<div id=\"sp-aqge1t\" data-mobile-visibility=\"#sp-aqge1t|false\" data-tablet-visibility=\"#sp-aqge1t|false\" data-desktop-visibility=\"#sp-aqge1t|false\" data-mobile-css=\"\" data-tablet-css=\"\" class=\"sp-el-row sp-w-full  sp-m-auto sm:sp-flex sp-justify-between\">\n<div id=\"sp-a0lb3b\" data-mobile-visibility=\"#sp-a0lb3b|false\" data-tablet-visibility=\"#sp-a0lb3b|false\" data-desktop-visibility=\"#sp-a0lb3b|false\" data-mobile-css=\"\" data-tablet-css=\"\" class=\"sp-el-col  sp-w-full\" style=\"width: calc(100% + 0px);\">\n<figure id=\"sp-qkuhqn\" data-mobile-css=\"#sp-qkuhqn|text-align:center;\" data-tablet-css=\"#sp-qkuhqn|text-align:center;\" class=\"sp-image-wrapper sp-el-block\" style=\"margin: 0px; text-align: left;\">\n<div><span><img decoding=\"async\" src=\"\/\/thai-massage-messkirch.de\/wp-content\/uploads\/2024\/02\/Lotus-flower-logo-gradient.png\" alt=\"\" width=\"500\" height=\"500\" data-dynamic-tag=\"\" data-image-src=\"\" data-mobile-visibility=\".sp-image-block-qkuhqn|false\" data-tablet-visibility=\".sp-image-block-qkuhqn|false\" data-desktop-visibility=\".sp-image-block-qkuhqn|false\" srcset=\" \/\/thai-massage-messkirch.de\/wp-content\/uploads\/2024\/02\/Lotus-flower-logo-gradient-150x150.png 150w, \/\/thai-massage-messkirch.de\/wp-content\/uploads\/2024\/02\/Lotus-flower-logo-gradient-300x300.png 300w, \/\/thai-massage-messkirch.de\/wp-content\/uploads\/2024\/02\/Lotus-flower-logo-gradient.png 500w\" class=\"sp-image-block-qkuhqn custom-preview-class\" style=\"width: 170px;\"><\/span><\/div>\n<div id=\"sp-image-dynamic-tags-js-qkuhqn\"><script>jQuery(function() { image_dynamic_tags('qkuhqn' );});<\/script><\/div>\n<\/figure>\n<div id=\"sp-cma5bh\" data-mobile-css=\".sp-bulletlist-block-cma5bh, #sp-cma5bh|justify-content:flex-start;\" data-tablet-css=\".sp-bulletlist-block-cma5bh, #sp-cma5bh|justify-content:flex-start;\" data-mobile-visibility=\".sp-bulletlist-block-cma5bh|false\" data-tablet-visibility=\".sp-bulletlist-block-cma5bh|false\" data-desktop-visibility=\".sp-bulletlist-block-cma5bh|false\" class=\"sp-flex sp-css-target sp-el-block sp-bulletlist-block-template-0 sp-justify-start sp-bulletlist-block-cma5bh\" style=\"margin: 0px;\">\n<ul class=\"sp-bulletlist-wrapper sp-flex sp-flex-wrap sp-items-center\">\n<li data-mobile-css=\"#sp-cma5bh .sp-bullet-list-item-cma5bh-0|padding:0px 10px 0px 0px ;\" data-tablet-css=\"#sp-cma5bh .sp-bullet-list-item-cma5bh-0|padding:0px 10px 0px 0px ;\" class=\"sp-flex sp-items-center sp-bullet-list-item-cma5bh-0 sp-justify-start\" style=\"padding: 0px 10px 0px 0px;\"><span class=\"sp-icon-wrapper sp-mr-4\"><i class=\"fa-fw fa-lg fas fa-check\" style=\"width: 32px; line-height: 32px;\"><\/i><\/span><span><span style=\"color: #ffffff;\"><a style=\"color: #ffffff;\" href=\"..\/?page_id=68\">Home<\/a><\/span><\/span><\/li>\n<li data-mobile-css=\"#sp-cma5bh .sp-bullet-list-item-cma5bh-1|padding:0px 10px 0px 0px ;\" data-tablet-css=\"#sp-cma5bh .sp-bullet-list-item-cma5bh-1|padding:0px 10px 0px 0px ;\" class=\"sp-flex sp-items-center sp-bullet-list-item-cma5bh-1 sp-justify-start\" style=\"padding: 0px 10px 0px 0px;\"><span class=\"sp-icon-wrapper sp-mr-4\"><i class=\"fa-fw fa-lg fas fa-check\" style=\"width: 32px; line-height: 32px;\"><\/i><\/span><span><span style=\"color: #ffffff;\"><a style=\"color: #ffffff;\" href=\"..\/?page_id=114\">Wer wir sind<\/a><\/span><\/span><\/li>\n<li data-mobile-css=\"#sp-cma5bh .sp-bullet-list-item-cma5bh-2|padding:0px 10px 0px 0px ;\" data-tablet-css=\"#sp-cma5bh .sp-bullet-list-item-cma5bh-2|padding:0px 10px 0px 0px ;\" class=\"sp-flex sp-items-center sp-bullet-list-item-cma5bh-2 sp-justify-start\" style=\"padding: 0px 10px 0px 0px;\"><span class=\"sp-icon-wrapper sp-mr-4\"><i class=\"fa-fw fa-lg fas fa-check\" style=\"width: 32px; line-height: 32px;\"><\/i><\/span><span><span style=\"color: #ffffff;\"><a style=\"color: #ffffff;\" href=\"..\/?page_id=74\" data-wplink-edit=\"true\">Anwendungen<\/a><\/span><\/span><\/li>\n<li data-mobile-css=\"#sp-cma5bh .sp-bullet-list-item-cma5bh-3|padding:0px 10px 0px 0px ;\" data-tablet-css=\"#sp-cma5bh .sp-bullet-list-item-cma5bh-3|padding:0px 10px 0px 0px ;\" class=\"sp-flex sp-items-center sp-bullet-list-item-cma5bh-3 sp-justify-start\" style=\"padding: 0px 10px 0px 0px;\"><span class=\"sp-icon-wrapper sp-mr-4\"><i class=\"fa-fw fa-lg fas fa-check\" style=\"width: 32px; line-height: 32px;\"><\/i><\/span><span><span style=\"color: #ffffff;\"><a style=\"color: #ffffff;\" href=\"..\/?page_id=118\">Preisliste<\/a><\/span><\/span><\/li>\n<li data-mobile-css=\"#sp-cma5bh .sp-bullet-list-item-cma5bh-4|padding:0px 10px 0px 0px ;\" data-tablet-css=\"#sp-cma5bh .sp-bullet-list-item-cma5bh-4|padding:0px 10px 0px 0px ;\" class=\"sp-flex sp-items-center sp-bullet-list-item-cma5bh-4 sp-justify-start\" style=\"padding: 0px 10px 0px 0px;\"><span class=\"sp-icon-wrapper sp-mr-4\"><i class=\"fa-fw fa-lg fas fa-check\" style=\"width: 32px; line-height: 32px;\"><\/i><\/span><span><span style=\"color: #ffffff;\"><a style=\"color: #ffffff;\" href=\"..\/?page_id=120\">Gutscheine<\/a><\/span><\/span><\/li>\n<li data-mobile-css=\"#sp-cma5bh .sp-bullet-list-item-cma5bh-5|padding:0px 10px 0px 0px ;\" data-tablet-css=\"#sp-cma5bh .sp-bullet-list-item-cma5bh-5|padding:0px 10px 0px 0px ;\" class=\"sp-flex sp-items-center sp-bullet-list-item-cma5bh-5 sp-justify-start\" style=\"padding: 0px 10px 0px 0px;\"><span class=\"sp-icon-wrapper sp-mr-4\"><i class=\"fa-fw fa-lg fas fa-check\" style=\"width: 32px; line-height: 32px;\"><\/i><\/span><span><span style=\"color: #ffffff;\"><a style=\"color: #ffffff;\" href=\"..\/?page_id=122\">Termin buchen<\/a><\/span><\/span><\/li>\n<li data-mobile-css=\"#sp-cma5bh .sp-bullet-list-item-cma5bh-6|padding:0px 10px 0px 0px ;\" data-tablet-css=\"#sp-cma5bh .sp-bullet-list-item-cma5bh-6|padding:0px 10px 0px 0px ;\" class=\"sp-flex sp-items-center sp-bullet-list-item-cma5bh-6 sp-justify-start\" style=\"padding: 0px 10px 0px 0px;\"><span class=\"sp-icon-wrapper sp-mr-4\"><i class=\"fa-fw fa-lg fas fa-check\" style=\"width: 32px; line-height: 32px;\"><\/i><\/span><span><span style=\"color: #ffffff;\"><a style=\"color: #ffffff;\" href=\"..\/?page_id=127\">Kontakt<\/a><\/span><\/span><\/li>\n<li data-mobile-css=\"#sp-cma5bh .sp-bullet-list-item-cma5bh-7|padding:0px 10px 0px 0px ;\" data-tablet-css=\"#sp-cma5bh .sp-bullet-list-item-cma5bh-7|padding:0px 10px 0px 0px ;\" class=\"sp-flex sp-items-center sp-bullet-list-item-cma5bh-7 sp-justify-start\" style=\"padding: 0px 10px 0px 0px;\"><span class=\"sp-icon-wrapper sp-mr-4\"><i class=\"fa-fw fa-lg fas fa-check\" style=\"width: 32px; line-height: 32px;\"><\/i><\/span><span><span style=\"color: #ffffff;\"><a style=\"color: #ffffff;\" href=\"..\/?page_id=124\">Wo wir sind<\/a><\/span><\/span><\/li>\n<li data-mobile-css=\"\" data-tablet-css=\"\" class=\"sp-flex sp-items-center sp-bullet-list-item-cma5bh-8 sp-justify-start\"><span class=\"sp-icon-wrapper sp-mr-4\"><i class=\"fa-fw fa-lg fas fa-check\" style=\"width: 32px; line-height: 32px;\"><\/i><\/span><span><span style=\"color: #ffffff;\"><a style=\"color: #ffffff;\" href=\"..\/?page_id=129\">\u00d6ffnungszeiten<\/a><\/span><\/span><\/li>\n<\/ul>\n<\/div>\n<div id=\"pnawsw\" data-mobile-css=\".sp-text-wrapper-pnawsw, #sp-pnawsw, #pnawsw|text-align:left;\" data-tablet-css=\".sp-text-wrapper-pnawsw, #sp-pnawsw, #pnawsw|text-align:left;\" data-mobile-visibility=\".sp-text-wrapper-pnawsw|false\" data-tablet-visibility=\".sp-text-wrapper-pnawsw|false\" data-desktop-visibility=\".sp-text-wrapper-pnawsw|false\" class=\"sp-css-target sp-text-wrapper sp-el-block sp-text-block-style sp-text-wrapper-pnawsw mce-content-body html4-captions\"  style=\"margin: 0px; text-align: left; position: relative; font-size: 20px;\" >\n<p style=\"text-align: center;\" data-mce-style=\"text-align: center;\"><span style=\"color: #ffffff; background-color: #003300;\" data-mce-style=\"color: #ffffff; background-color: #003300;\"><br \/>Nassa`s Thai-Massage * Nassa Rampe * Ziegelb\u00fchlstr. 1 * 88605 Me\u00dfkirch<\/span><br \/><span style=\"background-color: #003300;\" data-mce-style=\"background-color: #003300;\"><span style=\"color: #ffffff;\" data-mce-style=\"color: #ffffff;\">Mobil: 01525 620 9068&nbsp; * Email : info@thai-massage-messkirch.de<br \/><\/span>www.thai-massage-messkirch.de<\/span><\/p>\n<p style=\"text-align: center;\" data-mce-style=\"text-align: center;\"><span style=\"background-color: #003300;\" data-mce-style=\"background-color: #003300;\">Da wir viele Kunden in Behandlung haben, bitten wir darum, von telefonischen Anfragen abzusehen.<br \/>Die Massage ist eine Zeit der Ruhe und des Loslassens, in der Sie sich auf sich selbst und Ihre Bed\u00fcrfnisse konzentrieren k\u00f6nnen. Wenn ich w\u00e4hrend dieser Zeit ans Telefon gehen w\u00fcrde, k\u00f6nnte dies nicht nur den Fluss der Behandlung st\u00f6ren, sondern auch Ihre Entspannung beeintr\u00e4chtigen. Zudem ist es wichtig, dass ich meine volle Aufmerksamkeit auf die Massage lege, um auf Ihre individuellen Bed\u00fcrfnisse und Reaktionen eingehen zu k\u00f6nnen.<\/span><\/p>\n<p style=\"text-align: center;\" data-mce-style=\"text-align: center;\"><span style=\"background-color: #003300;\" data-mce-style=\"background-color: #003300;\"><br \/>Ihren Termin k\u00f6nnen Sie problemlos \u00fcber unser Online-Buchungsportal buchen.<br \/>Es werden nur die freien Termine angezeigt.<br \/>Gutscheine sind zu unseren \u00d6ffnungszeiten im Laden erh\u00e4ltlich.<br \/>Gern k\u00f6nnen Sie uns ein Email schreiben.<\/span><\/p>\n<\/div>\n<div id=\"sp-p4gmsq\" data-mobile-css=\"#sp-p4gmsq|height:40px;\" data-tablet-css=\"#sp-p4gmsq|height:10px;\" class=\"sp-spacer\" style=\"height: 60px;\"><\/div>\n<div id=\"sp-d66gcv\" data-mobile-css=\".sp-text-wrapper-d66gcv, #sp-d66gcv, #d66gcv|text-align:left;\" data-tablet-css=\".sp-text-wrapper-d66gcv, #sp-d66gcv, #d66gcv|text-align:left;\" data-mobile-visibility=\".sp-text-wrapper-d66gcv|false\" data-tablet-visibility=\".sp-text-wrapper-d66gcv|false\" data-desktop-visibility=\".sp-text-wrapper-d66gcv|false\" class=\"sp-css-target sp-text-wrapper sp-el-block sp-text-block-style sp-text-wrapper-d66gcv\" style=\"margin: 0px; text-align: left;\"><\/div>\n<div id=\"sp-p48hb5\" data-mobile-css=\"#sp-p48hb5|height:40px;\" data-tablet-css=\"#sp-p48hb5|height:10px;\" class=\"sp-spacer\" style=\"height: 60px;\"><\/div>\n<div id=\"sp-v5wvpr\" data-mobile-css=\"#sp-v5wvpr|height:40px;\" data-tablet-css=\"#sp-v5wvpr|height:10px;\" class=\"sp-spacer\" style=\"height: 60px;\"><\/div>\n<div id=\"sp-n1nxd4\" data-mobile-css=\"#sp-n1nxd4|height:40px;\" data-tablet-css=\"#sp-n1nxd4|height:10px;\" class=\"sp-spacer\" style=\"height: 60px;\"><\/div>\n<div id=\"sp-rto5sq\" data-mobile-css=\"#sp-rto5sq|height:40px;\" data-tablet-css=\"#sp-rto5sq|height:10px;\" class=\"sp-spacer\" style=\"height: 60px;\"><\/div>\n<div id=\"sp-qmu0wk\" data-mobile-css=\"#sp-qmu0wk|height:40px;\" data-tablet-css=\"#sp-qmu0wk|height:10px;\" class=\"sp-spacer\" style=\"height: 60px;\"><\/div>\n<div id=\"sp-taeu61\" data-mobile-css=\"#sp-taeu61|height:40px;\" data-tablet-css=\"#sp-taeu61|height:10px;\" class=\"sp-spacer\" style=\"height: 60px;\"><\/div>\n<div id=\"sp-b1vh3v\" data-mobile-css=\"#sp-b1vh3v|height:40px;\" data-tablet-css=\"#sp-b1vh3v|height:10px;\" class=\"sp-spacer\" style=\"height: 60px;\"><\/div>\n<div id=\"sp-pt41ix\" data-mobile-css=\"#sp-pt41ix|height:40px;\" data-tablet-css=\"#sp-pt41ix|height:10px;\" class=\"sp-spacer\" style=\"height: 60px;\"><\/div>\n<\/div>\n<\/div>\n<\/section>\n<\/div>\n","protected":false},"excerpt":{"rendered":"<p>Home Wer wir sind Anwendungen Preisliste Gutscheine Termin buchen Kontakt Wo wir sind \u00d6ffnungszeiten Nassa`s Thai-Massage * Nassa Rampe * Ziegelb\u00fchlstr. 1 * 88605 Me\u00dfkirchMobil: 01525 620 9068&nbsp; * Email : info@thai-massage-messkirch.dewww.thai-massage-messkirch.de Da wir viele Kunden in Behandlung haben, bitten wir darum, von telefonischen Anfragen abzusehen.Die Massage ist eine Zeit der Ruhe und des Loslassens, [&hellip;]<\/p>\n","protected":false},"author":1,"featured_media":0,"parent":0,"menu_order":0,"comment_status":"closed","ping_status":"closed","template":"","meta":{"footnotes":""},"class_list":["post-127","page","type-page","status-publish","hentry"],"_links":{"self":[{"href":"https:\/\/thai-massage-messkirch.de\/index.php?rest_route=\/wp\/v2\/pages\/127"}],"collection":[{"href":"https:\/\/thai-massage-messkirch.de\/index.php?rest_route=\/wp\/v2\/pages"}],"about":[{"href":"https:\/\/thai-massage-messkirch.de\/index.php?rest_route=\/wp\/v2\/types\/page"}],"author":[{"embeddable":true,"href":"https:\/\/thai-massage-messkirch.de\/index.php?rest_route=\/wp\/v2\/users\/1"}],"replies":[{"embeddable":true,"href":"https:\/\/thai-massage-messkirch.de\/index.php?rest_route=%2Fwp%2Fv2%2Fcomments&post=127"}],"version-history":[{"count":14,"href":"https:\/\/thai-massage-messkirch.de\/index.php?rest_route=\/wp\/v2\/pages\/127\/revisions"}],"predecessor-version":[{"id":483,"href":"https:\/\/thai-massage-messkirch.de\/index.php?rest_route=\/wp\/v2\/pages\/127\/revisions\/483"}],"wp:attachment":[{"href":"https:\/\/thai-massage-messkirch.de\/index.php?rest_route=%2Fwp%2Fv2%2Fmedia&parent=127"}],"curies":[{"name":"wp","href":"https:\/\/api.w.org\/{rel}","templated":true}]}}