{"id":122,"date":"2024-02-18T19:17:07","date_gmt":"2024-02-18T19:17:07","guid":{"rendered":"https:\/\/thai-massage-messkirch.de\/?page_id=68\/?page_id=122"},"modified":"2024-11-08T12:41:49","modified_gmt":"2024-11-08T12:41:49","slug":"termin","status":"publish","type":"page","link":"https:\/\/thai-massage-messkirch.de\/?page_id=122","title":{"rendered":"Termin"},"content":{"rendered":"<div id=\"sp-page\" class=\"spBgcover sp-content-1\" style=\"background-color: rgb(24, 191, 24); font-family: Roboto, sans-serif; font-weight: 400;\">\n<section id=\"sp-ks8a8s\" data-mobile-visibility=\"#sp-ks8a8s|false\" data-tablet-visibility=\"#sp-ks8a8s|false\" data-desktop-visibility=\"#sp-ks8a8s|false\" data-mobile-css=\"\" data-tablet-css=\"\" class=\"sp-el-section  spBgcover\" style=\"background-image: linear-gradient(0deg, rgba(60, 144, 64, 0), rgba(60, 144, 64, 0)), url('\/\/thai-massage-messkirch.de\/wp-content\/uploads\/2024\/02\/Budda_klein-scaled.jpeg'); background-color: rgb(60, 144, 64); width: 100%; max-width: 100%; padding: 10px; border-radius: 0px;\">\n<div id=\"sp-aqge1t\" data-mobile-visibility=\"#sp-aqge1t|false\" data-tablet-visibility=\"#sp-aqge1t|false\" data-desktop-visibility=\"#sp-aqge1t|false\" data-mobile-css=\"\" data-tablet-css=\"#sp-aqge1t|padding:0px 0px 0px 0px ;\" class=\"sp-el-row sp-w-full  sp-m-auto sm:sp-flex sp-justify-between\">\n<div id=\"sp-a0lb3b\" data-mobile-visibility=\"#sp-a0lb3b|false\" data-tablet-visibility=\"#sp-a0lb3b|false\" data-desktop-visibility=\"#sp-a0lb3b|false\" data-mobile-css=\"\" data-tablet-css=\"\" class=\"sp-el-col  sp-w-full\" style=\"width: calc(100% + 0px);\">\n<figure id=\"sp-qkuhqn\" data-mobile-css=\"#sp-qkuhqn|text-align:center;\" data-tablet-css=\"#sp-qkuhqn|text-align:center;\" class=\"sp-image-wrapper sp-el-block\" style=\"margin: 0px; text-align: left;\">\n<div><span><img decoding=\"async\" src=\"\/\/thai-massage-messkirch.de\/wp-content\/uploads\/2024\/02\/Lotus-flower-logo-gradient.png\" alt=\"\" width=\"500\" height=\"500\" data-dynamic-tag=\"\" data-image-src=\"\" data-mobile-visibility=\".sp-image-block-qkuhqn|false\" data-tablet-visibility=\".sp-image-block-qkuhqn|false\" data-desktop-visibility=\".sp-image-block-qkuhqn|false\" srcset=\" \/\/thai-massage-messkirch.de\/wp-content\/uploads\/2024\/02\/Lotus-flower-logo-gradient-150x150.png 150w, \/\/thai-massage-messkirch.de\/wp-content\/uploads\/2024\/02\/Lotus-flower-logo-gradient-300x300.png 300w, \/\/thai-massage-messkirch.de\/wp-content\/uploads\/2024\/02\/Lotus-flower-logo-gradient.png 500w\" class=\"sp-image-block-qkuhqn custom-preview-class\" style=\"width: 170px;\"><\/span><\/div>\n<div id=\"sp-image-dynamic-tags-js-qkuhqn\"><script>jQuery(function() { image_dynamic_tags('qkuhqn' );});<\/script><\/div>\n<\/figure>\n<div id=\"sp-nbls7w\" data-mobile-css=\".sp-bulletlist-block-nbls7w, #sp-nbls7w|justify-content:flex-start;\" data-tablet-css=\".sp-bulletlist-block-nbls7w, #sp-nbls7w|justify-content:flex-start;\" data-mobile-visibility=\".sp-bulletlist-block-nbls7w|false\" data-tablet-visibility=\".sp-bulletlist-block-nbls7w|false\" data-desktop-visibility=\".sp-bulletlist-block-nbls7w|false\" class=\"sp-flex sp-css-target sp-el-block sp-bulletlist-block-template-0 sp-justify-start sp-bulletlist-block-nbls7w\" style=\"margin: 0px;\">\n<ul class=\"sp-bulletlist-wrapper sp-flex sp-flex-wrap sp-items-center\">\n<li data-mobile-css=\"#sp-nbls7w .sp-bullet-list-item-nbls7w-0|padding:0px 10px 0px 0px ;\" data-tablet-css=\"#sp-nbls7w .sp-bullet-list-item-nbls7w-0|padding:0px 10px 0px 0px ;\" class=\"sp-flex sp-items-center sp-bullet-list-item-nbls7w-0 sp-justify-start\" style=\"padding: 0px 10px 0px 0px;\"><span class=\"sp-icon-wrapper sp-mr-4\"><i class=\"fa-fw fa-lg fas fa-check\" style=\"width: 32px; line-height: 32px;\"><\/i><\/span><span><span style=\"color: #ffffff;\"><a style=\"color: #ffffff;\" href=\"..\/?page_id=68\">Home<\/a><\/span><\/span><\/li>\n<li data-mobile-css=\"#sp-nbls7w .sp-bullet-list-item-nbls7w-1|padding:0px 10px 0px 0px ;\" data-tablet-css=\"#sp-nbls7w .sp-bullet-list-item-nbls7w-1|padding:0px 10px 0px 0px ;\" class=\"sp-flex sp-items-center sp-bullet-list-item-nbls7w-1 sp-justify-start\" style=\"padding: 0px 10px 0px 0px;\"><span class=\"sp-icon-wrapper sp-mr-4\"><i class=\"fa-fw fa-lg fas fa-check\" style=\"width: 32px; line-height: 32px;\"><\/i><\/span><span><span style=\"color: #ffffff;\"><a style=\"color: #ffffff;\" href=\"..\/?page_id=114\">Wer wir sind<\/a><\/span><\/span><\/li>\n<li data-mobile-css=\"#sp-nbls7w .sp-bullet-list-item-nbls7w-2|padding:0px 10px 0px 0px ;\" data-tablet-css=\"#sp-nbls7w .sp-bullet-list-item-nbls7w-2|padding:0px 10px 0px 0px ;\" class=\"sp-flex sp-items-center sp-bullet-list-item-nbls7w-2 sp-justify-start\" style=\"padding: 0px 10px 0px 0px;\"><span class=\"sp-icon-wrapper sp-mr-4\"><i class=\"fa-fw fa-lg fas fa-check\" style=\"width: 32px; line-height: 32px;\"><\/i><\/span><span><span style=\"color: #ffffff;\"><a style=\"color: #ffffff;\" href=\"..\/?page_id=74\" data-wplink-edit=\"true\">Anwendungen<\/a><\/span><\/span><\/li>\n<li data-mobile-css=\"#sp-nbls7w .sp-bullet-list-item-nbls7w-3|padding:0px 10px 0px 0px ;\" data-tablet-css=\"#sp-nbls7w .sp-bullet-list-item-nbls7w-3|padding:0px 10px 0px 0px ;\" class=\"sp-flex sp-items-center sp-bullet-list-item-nbls7w-3 sp-justify-start\" style=\"padding: 0px 10px 0px 0px;\"><span class=\"sp-icon-wrapper sp-mr-4\"><i class=\"fa-fw fa-lg fas fa-check\" style=\"width: 32px; line-height: 32px;\"><\/i><\/span><span><span style=\"color: #ffffff;\"><a style=\"color: #ffffff;\" href=\"..\/?page_id=118\">Preisliste<\/a><\/span><\/span><\/li>\n<li data-mobile-css=\"#sp-nbls7w .sp-bullet-list-item-nbls7w-4|padding:0px 10px 0px 0px ;\" data-tablet-css=\"#sp-nbls7w .sp-bullet-list-item-nbls7w-4|padding:0px 10px 0px 0px ;\" class=\"sp-flex sp-items-center sp-bullet-list-item-nbls7w-4 sp-justify-start\" style=\"padding: 0px 10px 0px 0px;\"><span class=\"sp-icon-wrapper sp-mr-4\"><i class=\"fa-fw fa-lg fas fa-check\" style=\"width: 32px; line-height: 32px;\"><\/i><\/span><span><span style=\"color: #ffffff;\"><a style=\"color: #ffffff;\" href=\"..\/?page_id=120\">Gutscheine<\/a><\/span><\/span><\/li>\n<li data-mobile-css=\"#sp-nbls7w .sp-bullet-list-item-nbls7w-5|padding:0px 10px 0px 0px ;\" data-tablet-css=\"#sp-nbls7w .sp-bullet-list-item-nbls7w-5|padding:0px 10px 0px 0px ;\" class=\"sp-flex sp-items-center sp-bullet-list-item-nbls7w-5 sp-justify-start\" style=\"padding: 0px 10px 0px 0px;\"><span class=\"sp-icon-wrapper sp-mr-4\"><i class=\"fa-fw fa-lg fas fa-check\" style=\"width: 32px; line-height: 32px;\"><\/i><\/span><span><span style=\"color: #ffffff;\"><a style=\"color: #ffffff;\" href=\"..\/?page_id=122\">Termin buchen<\/a><\/span><\/span><\/li>\n<li data-mobile-css=\"#sp-nbls7w .sp-bullet-list-item-nbls7w-6|padding:0px 10px 0px 0px ;\" data-tablet-css=\"#sp-nbls7w .sp-bullet-list-item-nbls7w-6|padding:0px 10px 0px 0px ;\" class=\"sp-flex sp-items-center sp-bullet-list-item-nbls7w-6 sp-justify-start\" style=\"padding: 0px 10px 0px 0px;\"><span class=\"sp-icon-wrapper sp-mr-4\"><i class=\"fa-fw fa-lg fas fa-check\" style=\"width: 32px; line-height: 32px;\"><\/i><\/span><span><span style=\"color: #ffffff;\"><a style=\"color: #ffffff;\" href=\"..\/?page_id=127\">Kontakt<\/a><\/span><\/span><\/li>\n<li data-mobile-css=\"#sp-nbls7w .sp-bullet-list-item-nbls7w-7|padding:0px 10px 0px 0px ;\" data-tablet-css=\"#sp-nbls7w .sp-bullet-list-item-nbls7w-7|padding:0px 10px 0px 0px ;\" class=\"sp-flex sp-items-center sp-bullet-list-item-nbls7w-7 sp-justify-start\" style=\"padding: 0px 10px 0px 0px;\"><span class=\"sp-icon-wrapper sp-mr-4\"><i class=\"fa-fw fa-lg fas fa-check\" style=\"width: 32px; line-height: 32px;\"><\/i><\/span><span><span style=\"color: #ffffff;\"><a style=\"color: #ffffff;\" href=\"..\/?page_id=124\">Wo wir sind<\/a><\/span><\/span><\/li>\n<li data-mobile-css=\"\" data-tablet-css=\"\" class=\"sp-flex sp-items-center sp-bullet-list-item-nbls7w-8 sp-justify-start\"><span class=\"sp-icon-wrapper sp-mr-4\"><i class=\"fa-fw fa-lg fas fa-check\" style=\"width: 32px; line-height: 32px;\"><\/i><\/span><span><span style=\"color: #ffffff;\"><a style=\"color: #ffffff;\" href=\"..\/?page_id=129\">\u00d6ffnungszeiten<\/a><\/span><\/span><\/li>\n<\/ul>\n<\/div>\n<div id=\"sp-p4gmsq\" data-mobile-css=\"#sp-p4gmsq|height:40px;\" data-tablet-css=\"#sp-p4gmsq|height:10px;\" class=\"sp-spacer\" style=\"height: 60px;\"><\/div>\n<div id=\"nxur9g\" data-mobile-css=\".sp-text-wrapper-nxur9g, #sp-nxur9g, #nxur9g|text-align:left;\" data-tablet-css=\".sp-text-wrapper-nxur9g, #sp-nxur9g, #nxur9g|text-align:left;\" data-mobile-visibility=\".sp-text-wrapper-nxur9g|false\" data-tablet-visibility=\".sp-text-wrapper-nxur9g|false\" data-desktop-visibility=\".sp-text-wrapper-nxur9g|false\" class=\"sp-css-target sp-text-wrapper sp-el-block sp-text-block-style sp-text-wrapper-nxur9g mce-content-body html4-captions\"  style=\"font-size: 20px; margin: 0px; text-align: left; position: relative;\" >\n<p style=\"text-align: left;\" data-mce-style=\"text-align: left;\"><strong><span style=\"background-color: #003300;\" data-mce-style=\"background-color: #003300;\">Bitte erscheinen Sie p\u00fcnktlich, am be<\/span><span style=\"background-color: #003300;\" data-mce-style=\"background-color: #003300;\">sten 10 Minuten vor Beginn, zu Ihrem Termin!<\/span><\/strong><\/p>\n<p style=\"text-align: left;\" data-mce-style=\"text-align: left;\"><strong><span style=\"background-color: #003300;\" data-mce-style=\"background-color: #003300;\">Bitte bringen Sie zu Ihrem Termin ein gro\u00dfes und ein mittleres Handtuch mit!<\/span><\/strong><\/p>\n<\/div>\n<div id=\"sp-gkmeka\" data-mobile-visibility=\".sp-custom-html-block-gkmeka|false\" data-tablet-visibility=\".sp-custom-html-block-gkmeka|false\" data-desktop-visibility=\".sp-custom-html-block-gkmeka|false\" data-mobile-css=\"\" data-tablet-css=\"#sp-gkmeka|margin:0px 0px 0px -3px ;\" class=\"sp-code-wrapper sp-el-block sp-custom-html-block-gkmeka\" style=\"margin: 0px;\">\n<div class=\"sp-html\"><iframe loading=\"lazy\" src=\"https:\/\/app.agendize.com\/book\/1017067276659929\" width=\"700\" height=\"1200\" <=\"\" iframe=\"\"><br \/>\n<\/iframe><\/div>\n<\/div>\n<div id=\"sp-d66gcv\" data-mobile-css=\".sp-text-wrapper-d66gcv, #sp-d66gcv, #d66gcv|text-align:left;\" data-tablet-css=\".sp-text-wrapper-d66gcv, #sp-d66gcv, #d66gcv|text-align:left;\" data-mobile-visibility=\".sp-text-wrapper-d66gcv|false\" data-tablet-visibility=\".sp-text-wrapper-d66gcv|false\" data-desktop-visibility=\".sp-text-wrapper-d66gcv|false\" class=\"sp-css-target sp-text-wrapper sp-el-block sp-text-block-style sp-text-wrapper-d66gcv\" style=\"margin: 0px; text-align: left;\"><\/div>\n<div id=\"sp-p48hb5\" data-mobile-css=\"#sp-p48hb5|height:40px;\" data-tablet-css=\"#sp-p48hb5|height:10px;\" class=\"sp-spacer\" style=\"height: 60px;\"><\/div>\n<div id=\"sp-rto5sq\" data-mobile-css=\"#sp-rto5sq|height:40px;\" data-tablet-css=\"#sp-rto5sq|height:10px;\" class=\"sp-spacer\" style=\"height: 60px;\"><\/div>\n<div id=\"sp-taeu61\" data-mobile-css=\"#sp-taeu61|height:40px;\" data-tablet-css=\"#sp-taeu61|height:10px;\" class=\"sp-spacer\" style=\"height: 60px;\"><\/div>\n<div id=\"sp-b1vh3v\" data-mobile-css=\"#sp-b1vh3v|height:40px;\" data-tablet-css=\"#sp-b1vh3v|height:10px;\" class=\"sp-spacer\" style=\"height: 60px;\"><\/div>\n<div id=\"sp-pt41ix\" data-mobile-css=\"#sp-pt41ix|height:40px;\" data-tablet-css=\"#sp-pt41ix|height:10px;\" class=\"sp-spacer\" style=\"height: 60px;\"><\/div>\n<\/div>\n<\/div>\n<\/section>\n<\/div>\n","protected":false},"excerpt":{"rendered":"<p>Home Wer wir sind Anwendungen Preisliste Gutscheine Termin buchen Kontakt Wo wir sind \u00d6ffnungszeiten Bitte erscheinen Sie p\u00fcnktlich, am besten 10 Minuten vor Beginn, zu Ihrem Termin! Bitte bringen Sie zu Ihrem Termin ein gro\u00dfes und ein mittleres Handtuch mit!<\/p>\n","protected":false},"author":1,"featured_media":0,"parent":0,"menu_order":0,"comment_status":"closed","ping_status":"closed","template":"","meta":{"footnotes":""},"class_list":["post-122","page","type-page","status-publish","hentry"],"_links":{"self":[{"href":"https:\/\/thai-massage-messkirch.de\/index.php?rest_route=\/wp\/v2\/pages\/122"}],"collection":[{"href":"https:\/\/thai-massage-messkirch.de\/index.php?rest_route=\/wp\/v2\/pages"}],"about":[{"href":"https:\/\/thai-massage-messkirch.de\/index.php?rest_route=\/wp\/v2\/types\/page"}],"author":[{"embeddable":true,"href":"https:\/\/thai-massage-messkirch.de\/index.php?rest_route=\/wp\/v2\/users\/1"}],"replies":[{"embeddable":true,"href":"https:\/\/thai-massage-messkirch.de\/index.php?rest_route=%2Fwp%2Fv2%2Fcomments&post=122"}],"version-history":[{"count":19,"href":"https:\/\/thai-massage-messkirch.de\/index.php?rest_route=\/wp\/v2\/pages\/122\/revisions"}],"predecessor-version":[{"id":461,"href":"https:\/\/thai-massage-messkirch.de\/index.php?rest_route=\/wp\/v2\/pages\/122\/revisions\/461"}],"wp:attachment":[{"href":"https:\/\/thai-massage-messkirch.de\/index.php?rest_route=%2Fwp%2Fv2%2Fmedia&parent=122"}],"curies":[{"name":"wp","href":"https:\/\/api.w.org\/{rel}","templated":true}]}}